{"id":1595,"date":"2024-04-15T21:28:44","date_gmt":"2024-04-15T21:28:44","guid":{"rendered":"http:\/\/localhost\/odo3\/?page_id=1595"},"modified":"2026-01-16T17:53:12","modified_gmt":"2026-01-16T17:53:12","slug":"horarios","status":"publish","type":"page","link":"https:\/\/odontologia.mxl.uabc.mx\/odo3\/horarios\/","title":{"rendered":"Horarios"},"content":{"rendered":"\t\t<div data-elementor-type=\"wp-page\" data-elementor-id=\"1595\" class=\"elementor elementor-1595\" data-elementor-post-type=\"page\">\n\t\t\t\t\t\t<section class=\"elementor-section elementor-top-section elementor-element elementor-element-96b4d8f elementor-section-boxed elementor-section-height-default elementor-section-height-default\" data-id=\"96b4d8f\" data-element_type=\"section\">\n\t\t\t\t\t\t<div class=\"elementor-container elementor-column-gap-default\">\n\t\t\t\t\t<div class=\"elementor-column elementor-col-100 elementor-top-column elementor-element elementor-element-e68ba87\" data-id=\"e68ba87\" data-element_type=\"column\">\n\t\t\t<div class=\"elementor-widget-wrap elementor-element-populated\">\n\t\t\t\t\t\t<div class=\"elementor-element elementor-element-0c88459 elementor-widget elementor-widget-embedpress_pdf\" data-id=\"0c88459\" data-element_type=\"widget\" data-widget_type=\"embedpress_pdf.default\">\n\t\t\t\t<div class=\"elementor-widget-container\">\n\t\t\t\t\t    <div class=\"embedpress-document-embed ep-doc-1c497d7c0cbb59b1a760106bffcd4773 ose-document emebedpress-unit-percent \" data-thememode=\"default\" data-customcolor=\"\" data-toolbar=\"yes\" data-toolbar-position=\"top\" data-open=\"no\" data-presentation-mode=\"yes\" data-download=\"yes\" data-copy=\"yes\" data-add-image=\"yes\" data-rotate=\"yes\" data-details=\"yes\" data-id=\"embedpress-pdf-0c88459\" data-selection-tool=\"0\" data-scrolling=\"0\" data-spreads=\"-1\" style=\" max-width:100%; display: inline-block\">\n        \n        \n                <div >\n                \n                    <div id=\"ep-elementor-content-0c88459\" class=\"ep-elementor-content   ep-percentage-width   ep-content-protection-disabled\">\n                        <div id=\"0c88459\" class=\"ep-embed-content-wraper\">\n                            <div><iframe title=\"Horario 26-1\" class=\"embedpress-embed-document-pdf embedpress-pdf-0c88459\" style=\"width: 600%!important;height: 1200px;; max-width:100%; display: inline-block\" src=\"https:\/\/odontologia.mxl.uabc.mx\/odo3\/wp-admin\/admin-ajax.php?action=get_viewer&#038;file=https%3A%2F%2Fodontologia.mxl.uabc.mx%2Fodo3%2Fwp-content%2Fuploads%2F2026%2F01%2FHorario-26-1-1.pdf&#038;scrolling=0&#038;selection_tool=0&#038;spreads=-1#key=dGhlbWVNb2RlPWRlZmF1bHQmdG9vbGJhcj10cnVlJnBvc2l0aW9uPXRvcCZwcmVzZW50YXRpb249dHJ1ZSZsYXp5TG9hZD1mYWxzZSZkb3dubG9hZD10cnVlJmNvcHlfdGV4dD10cnVlJmFkZF90ZXh0PXRydWUmZHJhdz10cnVlJmFkZF9pbWFnZT10cnVlJnBkZl9yb3RhdGlvbj10cnVlJnBkZl9kZXRhaWxzPXRydWUmem9vbV9pbj10cnVlJnpvb21fb3V0PXRydWUmZml0X3ZpZXc9dHJ1ZSZib29rbWFyaz10cnVlJmZsaXBib29rX3Rvb2xiYXJfcG9zaXRpb249Ym90dG9tJnNlbGVjdGlvbl90b29sPTAmc2Nyb2xsaW5nPTAmc3ByZWFkcz0tMSZpc19wcm9fYWN0aXZlPTA=&#038;zoom=auto\" class=\"embedpress-embed-document-pdf embedpress-pdf-0c88459\" data-emid=\"embedpress-pdf-0c88459\" frameborder=\"0\"><\/iframe><\/div>                        <\/div> \n\n                    <\/div>\n        \n\n                   \n                <\/div>\n            \n    <\/div>\n\n\t\t\t\t<\/div>\n\t\t\t\t<\/div>\n\t\t\t\t\t<\/div>\n\t\t<\/div>\n\t\t\t\t\t<\/div>\n\t\t<\/section>\n\t\t\t\t<section class=\"elementor-section elementor-top-section elementor-element elementor-element-fa6cd1b elementor-section-boxed elementor-section-height-default elementor-section-height-default\" data-id=\"fa6cd1b\" data-element_type=\"section\">\n\t\t\t\t\t\t<div class=\"elementor-container elementor-column-gap-default\">\n\t\t\t\t\t<div class=\"elementor-column elementor-col-100 elementor-top-column elementor-element elementor-element-0c8f73e\" data-id=\"0c8f73e\" data-element_type=\"column\">\n\t\t\t<div class=\"elementor-widget-wrap elementor-element-populated\">\n\t\t\t\t\t\t<div class=\"elementor-element elementor-element-bec75d9 elementor-align-center elementor-widget elementor-widget-button\" data-id=\"bec75d9\" data-element_type=\"widget\" data-widget_type=\"button.default\">\n\t\t\t\t\t\t\t\t\t\t<a class=\"elementor-button elementor-button-link elementor-size-sm\" href=\"https:\/\/odontologia.mxl.uabc.mx\/odo3\/wp-content\/uploads\/2026\/01\/Horario-26-1-1.pdf\">\n\t\t\t\t\t\t<span class=\"elementor-button-content-wrapper\">\n\t\t\t\t\t\t\t\t\t<span class=\"elementor-button-text\">\u00bfProblemas para ver el PDF? Da click aqu\u00ed<\/span>\n\t\t\t\t\t<\/span>\n\t\t\t\t\t<\/a>\n\t\t\t\t\t\t\t\t<\/div>\n\t\t\t\t\t<\/div>\n\t\t<\/div>\n\t\t\t\t\t<\/div>\n\t\t<\/section>\n\t\t\t\t<\/div>\n\t\t","protected":false},"excerpt":{"rendered":"<p>\u00bfProblemas para ver el PDF? Da click aqu\u00ed<\/p>\n","protected":false},"author":2,"featured_media":0,"parent":0,"menu_order":0,"comment_status":"closed","ping_status":"closed","template":"","meta":{"site-sidebar-layout":"default","site-content-layout":"default","ast-site-content-layout":"default","site-content-style":"default","site-sidebar-style":"default","ast-global-header-display":"","ast-banner-title-visibility":"","ast-main-header-display":"","ast-hfb-above-header-display":"","ast-hfb-below-header-display":"","ast-hfb-mobile-header-display":"","site-post-title":"","ast-breadcrumbs-content":"","ast-featured-img":"","footer-sml-layout":"","theme-transparent-header-meta":"default","adv-header-id-meta":"","stick-header-meta":"","header-above-stick-meta":"","header-main-stick-meta":"","header-below-stick-meta":"","astra-migrate-meta-layouts":"set","ast-page-background-enabled":"default","ast-page-background-meta":{"desktop":{"background-color":"","background-image":"","background-repeat":"repeat","background-position":"center center","background-size":"auto","background-attachment":"scroll","background-type":"","background-media":"","overlay-type":"","overlay-color":"","overlay-opacity":"","overlay-gradient":""},"tablet":{"background-color":"","background-image":"","background-repeat":"repeat","background-position":"center center","background-size":"auto","background-attachment":"scroll","background-type":"","background-media":"","overlay-type":"","overlay-color":"","overlay-opacity":"","overlay-gradient":""},"mobile":{"background-color":"","background-image":"","background-repeat":"repeat","background-position":"center center","background-size":"auto","background-attachment":"scroll","background-type":"","background-media":"","overlay-type":"","overlay-color":"","overlay-opacity":"","overlay-gradient":""}},"ast-content-background-meta":{"desktop":{"background-color":"var(--ast-global-color-5)","background-image":"","background-repeat":"repeat","background-position":"center center","background-size":"auto","background-attachment":"scroll","background-type":"","background-media":"","overlay-type":"","overlay-color":"","overlay-opacity":"","overlay-gradient":""},"tablet":{"background-color":"var(--ast-global-color-5)","background-image":"","background-repeat":"repeat","background-position":"center center","background-size":"auto","background-attachment":"scroll","background-type":"","background-media":"","overlay-type":"","overlay-color":"","overlay-opacity":"","overlay-gradient":""},"mobile":{"background-color":"var(--ast-global-color-5)","background-image":"","background-repeat":"repeat","background-position":"center center","background-size":"auto","background-attachment":"scroll","background-type":"","background-media":"","overlay-type":"","overlay-color":"","overlay-opacity":"","overlay-gradient":""}},"footnotes":""},"class_list":["post-1595","page","type-page","status-publish","hentry"],"yoast_head":"<!-- This site is optimized with the Yoast SEO plugin v26.5 - https:\/\/yoast.com\/wordpress\/plugins\/seo\/ -->\r\n<title>Horarios - Facultad de Odontolog\u00eda Mexicali I Universidad Aut\u00f3noma de Baja California<\/title>\r\n<meta name=\"description\" content=\"Consulta los horarios de clases, cl\u00ednicas y laboratorios de la Facultad de Odontolog\u00eda UABC. Encuentra informaci\u00f3n actualizada por semestre, grupo y turno para una \u00f3ptima planificaci\u00f3n acad\u00e9mica.\" \/>\r\n<meta name=\"robots\" content=\"index, follow, max-snippet:-1, max-image-preview:large, max-video-preview:-1\" \/>\r\n<link rel=\"canonical\" href=\"https:\/\/odontologia.mxl.uabc.mx\/odo3\/horarios\/\" \/>\r\n<meta property=\"og:locale\" content=\"es_ES\" \/>\r\n<meta property=\"og:type\" content=\"article\" \/>\r\n<meta property=\"og:title\" content=\"Horarios - Facultad de Odontolog\u00eda Mexicali I Universidad Aut\u00f3noma de Baja California\" \/>\r\n<meta property=\"og:description\" content=\"Consulta los horarios de clases, cl\u00ednicas y laboratorios de la Facultad de Odontolog\u00eda UABC. Encuentra informaci\u00f3n actualizada por semestre, grupo y turno para una \u00f3ptima planificaci\u00f3n acad\u00e9mica.\" \/>\r\n<meta property=\"og:url\" content=\"https:\/\/odontologia.mxl.uabc.mx\/odo3\/horarios\/\" \/>\r\n<meta property=\"og:site_name\" content=\"Facultad de Odontolog\u00eda Mexicali I Universidad Aut\u00f3noma de Baja California\" \/>\r\n<meta property=\"article:publisher\" content=\"https:\/\/www.facebook.com\/facultadde.odontologiamexicali\" \/>\r\n<meta property=\"article:modified_time\" content=\"2026-01-16T17:53:12+00:00\" \/>\r\n<meta property=\"og:image\" content=\"https:\/\/odontologia.mxl.uabc.mx\/odo3\/wp-content\/uploads\/2025\/10\/NUEVO-LOGO-FOM-2025-1.png\" \/>\r\n\t<meta property=\"og:image:width\" content=\"1409\" \/>\r\n\t<meta property=\"og:image:height\" content=\"739\" \/>\r\n\t<meta property=\"og:image:type\" content=\"image\/png\" \/>\r\n<meta name=\"twitter:card\" content=\"summary_large_image\" \/>\r\n<meta name=\"twitter:label1\" content=\"Tiempo de lectura\" \/>\n\t<meta name=\"twitter:data1\" content=\"1 minuto\" \/>\r\n<script type=\"application\/ld+json\" class=\"yoast-schema-graph\">{\"@context\":\"https:\/\/schema.org\",\"@graph\":[{\"@type\":\"WebPage\",\"@id\":\"https:\/\/odontologia.mxl.uabc.mx\/odo3\/horarios\/\",\"url\":\"https:\/\/odontologia.mxl.uabc.mx\/odo3\/horarios\/\",\"name\":\"Horarios - Facultad de Odontolog\u00eda Mexicali I Universidad Aut\u00f3noma de Baja California\",\"isPartOf\":{\"@id\":\"https:\/\/odontologia.mxl.uabc.mx\/odo3\/#website\"},\"datePublished\":\"2024-04-15T21:28:44+00:00\",\"dateModified\":\"2026-01-16T17:53:12+00:00\",\"description\":\"Consulta los horarios de clases, cl\u00ednicas y laboratorios de la Facultad de Odontolog\u00eda UABC. Encuentra informaci\u00f3n actualizada por semestre, grupo y turno para una \u00f3ptima planificaci\u00f3n acad\u00e9mica.\",\"breadcrumb\":{\"@id\":\"https:\/\/odontologia.mxl.uabc.mx\/odo3\/horarios\/#breadcrumb\"},\"inLanguage\":\"es\",\"potentialAction\":[{\"@type\":\"ReadAction\",\"target\":[\"https:\/\/odontologia.mxl.uabc.mx\/odo3\/horarios\/\"]}]},{\"@type\":\"BreadcrumbList\",\"@id\":\"https:\/\/odontologia.mxl.uabc.mx\/odo3\/horarios\/#breadcrumb\",\"itemListElement\":[{\"@type\":\"ListItem\",\"position\":1,\"name\":\"Portada\",\"item\":\"https:\/\/odontologia.mxl.uabc.mx\/odo3\/\"},{\"@type\":\"ListItem\",\"position\":2,\"name\":\"Horarios\"}]},{\"@type\":\"WebSite\",\"@id\":\"https:\/\/odontologia.mxl.uabc.mx\/odo3\/#website\",\"url\":\"https:\/\/odontologia.mxl.uabc.mx\/odo3\/\",\"name\":\"Facultad Odontolog\u00eda Mexicali UABC\",\"description\":\"Facultad de Odontolog\u00eda Mexicali I UABC\",\"publisher\":{\"@id\":\"https:\/\/odontologia.mxl.uabc.mx\/odo3\/#organization\"},\"potentialAction\":[{\"@type\":\"SearchAction\",\"target\":{\"@type\":\"EntryPoint\",\"urlTemplate\":\"https:\/\/odontologia.mxl.uabc.mx\/odo3\/?s={search_term_string}\"},\"query-input\":{\"@type\":\"PropertyValueSpecification\",\"valueRequired\":true,\"valueName\":\"search_term_string\"}}],\"inLanguage\":\"es\"},{\"@type\":\"Organization\",\"@id\":\"https:\/\/odontologia.mxl.uabc.mx\/odo3\/#organization\",\"name\":\"UABC Odontolog\u00eda\",\"url\":\"https:\/\/odontologia.mxl.uabc.mx\/odo3\/\",\"logo\":{\"@type\":\"ImageObject\",\"inLanguage\":\"es\",\"@id\":\"https:\/\/odontologia.mxl.uabc.mx\/odo3\/#\/schema\/logo\/image\/\",\"url\":\"https:\/\/odontologia.mxl.uabc.mx\/odo3\/wp-content\/uploads\/2021\/09\/NOMBRE-Y-LOGO-ua.png\",\"contentUrl\":\"https:\/\/odontologia.mxl.uabc.mx\/odo3\/wp-content\/uploads\/2021\/09\/NOMBRE-Y-LOGO-ua.png\",\"width\":401,\"height\":142,\"caption\":\"UABC Odontolog\u00eda\"},\"image\":{\"@id\":\"https:\/\/odontologia.mxl.uabc.mx\/odo3\/#\/schema\/logo\/image\/\"},\"sameAs\":[\"https:\/\/www.facebook.com\/facultadde.odontologiamexicali\"]}]}<\/script>\r\n<!-- \/ Yoast SEO plugin. -->","yoast_head_json":{"title":"Horarios - Facultad de Odontolog\u00eda Mexicali I Universidad Aut\u00f3noma de Baja California","description":"Consulta los horarios de clases, cl\u00ednicas y laboratorios de la Facultad de Odontolog\u00eda UABC. Encuentra informaci\u00f3n actualizada por semestre, grupo y turno para una \u00f3ptima planificaci\u00f3n acad\u00e9mica.","robots":{"index":"index","follow":"follow","max-snippet":"max-snippet:-1","max-image-preview":"max-image-preview:large","max-video-preview":"max-video-preview:-1"},"canonical":"https:\/\/odontologia.mxl.uabc.mx\/odo3\/horarios\/","og_locale":"es_ES","og_type":"article","og_title":"Horarios - Facultad de Odontolog\u00eda Mexicali I Universidad Aut\u00f3noma de Baja California","og_description":"Consulta los horarios de clases, cl\u00ednicas y laboratorios de la Facultad de Odontolog\u00eda UABC. Encuentra informaci\u00f3n actualizada por semestre, grupo y turno para una \u00f3ptima planificaci\u00f3n acad\u00e9mica.","og_url":"https:\/\/odontologia.mxl.uabc.mx\/odo3\/horarios\/","og_site_name":"Facultad de Odontolog\u00eda Mexicali I Universidad Aut\u00f3noma de Baja California","article_publisher":"https:\/\/www.facebook.com\/facultadde.odontologiamexicali","article_modified_time":"2026-01-16T17:53:12+00:00","og_image":[{"width":1409,"height":739,"url":"https:\/\/odontologia.mxl.uabc.mx\/odo3\/wp-content\/uploads\/2025\/10\/NUEVO-LOGO-FOM-2025-1.png","type":"image\/png"}],"twitter_card":"summary_large_image","twitter_misc":{"Tiempo de lectura":"1 minuto"},"schema":{"@context":"https:\/\/schema.org","@graph":[{"@type":"WebPage","@id":"https:\/\/odontologia.mxl.uabc.mx\/odo3\/horarios\/","url":"https:\/\/odontologia.mxl.uabc.mx\/odo3\/horarios\/","name":"Horarios - Facultad de Odontolog\u00eda Mexicali I Universidad Aut\u00f3noma de Baja California","isPartOf":{"@id":"https:\/\/odontologia.mxl.uabc.mx\/odo3\/#website"},"datePublished":"2024-04-15T21:28:44+00:00","dateModified":"2026-01-16T17:53:12+00:00","description":"Consulta los horarios de clases, cl\u00ednicas y laboratorios de la Facultad de Odontolog\u00eda UABC. Encuentra informaci\u00f3n actualizada por semestre, grupo y turno para una \u00f3ptima planificaci\u00f3n acad\u00e9mica.","breadcrumb":{"@id":"https:\/\/odontologia.mxl.uabc.mx\/odo3\/horarios\/#breadcrumb"},"inLanguage":"es","potentialAction":[{"@type":"ReadAction","target":["https:\/\/odontologia.mxl.uabc.mx\/odo3\/horarios\/"]}]},{"@type":"BreadcrumbList","@id":"https:\/\/odontologia.mxl.uabc.mx\/odo3\/horarios\/#breadcrumb","itemListElement":[{"@type":"ListItem","position":1,"name":"Portada","item":"https:\/\/odontologia.mxl.uabc.mx\/odo3\/"},{"@type":"ListItem","position":2,"name":"Horarios"}]},{"@type":"WebSite","@id":"https:\/\/odontologia.mxl.uabc.mx\/odo3\/#website","url":"https:\/\/odontologia.mxl.uabc.mx\/odo3\/","name":"Facultad Odontolog\u00eda Mexicali UABC","description":"Facultad de Odontolog\u00eda Mexicali I UABC","publisher":{"@id":"https:\/\/odontologia.mxl.uabc.mx\/odo3\/#organization"},"potentialAction":[{"@type":"SearchAction","target":{"@type":"EntryPoint","urlTemplate":"https:\/\/odontologia.mxl.uabc.mx\/odo3\/?s={search_term_string}"},"query-input":{"@type":"PropertyValueSpecification","valueRequired":true,"valueName":"search_term_string"}}],"inLanguage":"es"},{"@type":"Organization","@id":"https:\/\/odontologia.mxl.uabc.mx\/odo3\/#organization","name":"UABC Odontolog\u00eda","url":"https:\/\/odontologia.mxl.uabc.mx\/odo3\/","logo":{"@type":"ImageObject","inLanguage":"es","@id":"https:\/\/odontologia.mxl.uabc.mx\/odo3\/#\/schema\/logo\/image\/","url":"https:\/\/odontologia.mxl.uabc.mx\/odo3\/wp-content\/uploads\/2021\/09\/NOMBRE-Y-LOGO-ua.png","contentUrl":"https:\/\/odontologia.mxl.uabc.mx\/odo3\/wp-content\/uploads\/2021\/09\/NOMBRE-Y-LOGO-ua.png","width":401,"height":142,"caption":"UABC Odontolog\u00eda"},"image":{"@id":"https:\/\/odontologia.mxl.uabc.mx\/odo3\/#\/schema\/logo\/image\/"},"sameAs":["https:\/\/www.facebook.com\/facultadde.odontologiamexicali"]}]}},"_links":{"self":[{"href":"https:\/\/odontologia.mxl.uabc.mx\/odo3\/wp-json\/wp\/v2\/pages\/1595","targetHints":{"allow":["GET"]}}],"collection":[{"href":"https:\/\/odontologia.mxl.uabc.mx\/odo3\/wp-json\/wp\/v2\/pages"}],"about":[{"href":"https:\/\/odontologia.mxl.uabc.mx\/odo3\/wp-json\/wp\/v2\/types\/page"}],"author":[{"embeddable":true,"href":"https:\/\/odontologia.mxl.uabc.mx\/odo3\/wp-json\/wp\/v2\/users\/2"}],"replies":[{"embeddable":true,"href":"https:\/\/odontologia.mxl.uabc.mx\/odo3\/wp-json\/wp\/v2\/comments?post=1595"}],"version-history":[{"count":15,"href":"https:\/\/odontologia.mxl.uabc.mx\/odo3\/wp-json\/wp\/v2\/pages\/1595\/revisions"}],"predecessor-version":[{"id":2885,"href":"https:\/\/odontologia.mxl.uabc.mx\/odo3\/wp-json\/wp\/v2\/pages\/1595\/revisions\/2885"}],"wp:attachment":[{"href":"https:\/\/odontologia.mxl.uabc.mx\/odo3\/wp-json\/wp\/v2\/media?parent=1595"}],"curies":[{"name":"wp","href":"https:\/\/api.w.org\/{rel}","templated":true}]}}