{"id":1532,"date":"2024-04-04T19:51:45","date_gmt":"2024-04-04T19:51:45","guid":{"rendered":"http:\/\/localhost\/odo3\/?page_id=1532"},"modified":"2025-04-16T16:23:46","modified_gmt":"2025-04-16T16:23:46","slug":"3-convocatorias","status":"publish","type":"page","link":"https:\/\/odontologia.mxl.uabc.mx\/odo3\/3-convocatorias\/","title":{"rendered":"3. Convocatorias"},"content":{"rendered":"<p><strong><span class=\"html-span xexx8yu x4uap5 x18d9i69 xkhd6sd x1hl2dhg x16tdsg8 x1vvkbs x3nfvp2 x1j61x8r x1fcty0u xdj266r xat24cr xgzva0m xhhsvwb xxymvpz xlup9mm x1kky2od\"><img decoding=\"async\" class=\"xz74otr x168nmei x13lgxp2 x5pf9jr xo71vjh\" src=\"https:\/\/static.xx.fbcdn.net\/images\/emoji.php\/v9\/t6a\/1\/16\/1f530.png\" alt=\"\ud83d\udd30\" width=\"16\" height=\"16\" \/><\/span> Convocatoria al concurso de selecci\u00f3n para el ingreso a Licenciatura 2025-2\/2026-1<\/strong><\/p>\n<p style=\"text-align: center;\"><a href=\"https:\/\/odontologia.mxl.uabc.mx\/odo3\/wp-content\/uploads\/2025\/04\/22x17pl_convoSELECC_2025-1_b1.pdf\" class=\"pdfemb-viewer\" style=\"\" data-width=\"max\" data-height=\"max\" data-toolbar=\"bottom\" data-toolbar-fixed=\"off\">22x17pl_convoSELECC_2025-1_b1<\/a><\/p>\n<p><a href=\"https:\/\/l.facebook.com\/l.php?u=https%3A%2F%2Fdrive.google.com%2Ffile%2Fd%2F12uGccWIW8anm1e8uZKqstYnPq15AfxK2%2Fview%3Ffbclid%3DIwZXh0bgNhZW0CMTAAAR6_Y1HpPyj3vyYbZOrBB257eC0MFhVzYpK6EJV2a5N5oq_HZuAjlIVMKo71BA_aem_5vmgd8lZLkAHzosyrEXIYA&amp;h=AT0in3NlgSNCjXmUAMZLkACnlkIXOu7u-PGSgg48n5HhspUlcm45N_C4HmqFERi9vqX4ZXgG6cKCXTxndNDHNov3cFjKTqKW-nYcNYeh4lRrAcTQu-av6EFHza4KCdPFk9rhrA4S-b77m62k&amp;__tn__=-UK-y-R&amp;c[0]=AT1KLB6U5ZOxg1kDdLay7wWtRZd5hC-81RBXj3sex67SHSmjT40NVSTtZ0oYm8aI8ejoVxsmbDE0LedKCtewXj2gsCBUsvSJnx7wqDOjpP28E5ZVGBssXCsz0PmBwEW1LXabFy-HxIlvTGEC3cwjulJC8l-4Va2nNiHkSEofRbzLK-Um1HvgqUTs-Q2vEA5NhP0yGVmZtUyXLK_Lw4A2waTyPlP-2cspaAB9KI88mXfiGyVS2NTA\"><img fetchpriority=\"high\" decoding=\"async\" class=\"wp-image-2291 size-full aligncenter\" src=\"http:\/\/odontologia.mxl.uabc.mx\/odo3\/wp-content\/uploads\/2025\/04\/convocatoria.webp\" alt=\"\" width=\"818\" height=\"85\" srcset=\"https:\/\/odontologia.mxl.uabc.mx\/odo3\/wp-content\/uploads\/2025\/04\/convocatoria.webp 818w, https:\/\/odontologia.mxl.uabc.mx\/odo3\/wp-content\/uploads\/2025\/04\/convocatoria-300x31.webp 300w, https:\/\/odontologia.mxl.uabc.mx\/odo3\/wp-content\/uploads\/2025\/04\/convocatoria-768x80.webp 768w\" sizes=\"(max-width: 818px) 100vw, 818px\" \/><\/a><\/p>\n<p>&nbsp;<\/p>\n","protected":false},"excerpt":{"rendered":"<p>Convocatoria al concurso de selecci\u00f3n para el ingreso a Licenciatura 2025-2\/2026-1 &nbsp;<\/p>\n","protected":false},"author":2,"featured_media":0,"parent":0,"menu_order":0,"comment_status":"closed","ping_status":"closed","template":"","meta":{"site-sidebar-layout":"default","site-content-layout":"default","ast-site-content-layout":"default","site-content-style":"default","site-sidebar-style":"default","ast-global-header-display":"","ast-banner-title-visibility":"","ast-main-header-display":"","ast-hfb-above-header-display":"","ast-hfb-below-header-display":"","ast-hfb-mobile-header-display":"","site-post-title":"","ast-breadcrumbs-content":"","ast-featured-img":"","footer-sml-layout":"","theme-transparent-header-meta":"default","adv-header-id-meta":"","stick-header-meta":"","header-above-stick-meta":"","header-main-stick-meta":"","header-below-stick-meta":"","astra-migrate-meta-layouts":"default","ast-page-background-enabled":"default","ast-page-background-meta":{"desktop":{"background-color":"","background-image":"","background-repeat":"repeat","background-position":"center center","background-size":"auto","background-attachment":"scroll","background-type":"","background-media":"","overlay-type":"","overlay-color":"","overlay-opacity":"","overlay-gradient":""},"tablet":{"background-color":"","background-image":"","background-repeat":"repeat","background-position":"center center","background-size":"auto","background-attachment":"scroll","background-type":"","background-media":"","overlay-type":"","overlay-color":"","overlay-opacity":"","overlay-gradient":""},"mobile":{"background-color":"","background-image":"","background-repeat":"repeat","background-position":"center center","background-size":"auto","background-attachment":"scroll","background-type":"","background-media":"","overlay-type":"","overlay-color":"","overlay-opacity":"","overlay-gradient":""}},"ast-content-background-meta":{"desktop":{"background-color":"var(--ast-global-color-5)","background-image":"","background-repeat":"repeat","background-position":"center center","background-size":"auto","background-attachment":"scroll","background-type":"","background-media":"","overlay-type":"","overlay-color":"","overlay-opacity":"","overlay-gradient":""},"tablet":{"background-color":"var(--ast-global-color-5)","background-image":"","background-repeat":"repeat","background-position":"center center","background-size":"auto","background-attachment":"scroll","background-type":"","background-media":"","overlay-type":"","overlay-color":"","overlay-opacity":"","overlay-gradient":""},"mobile":{"background-color":"var(--ast-global-color-5)","background-image":"","background-repeat":"repeat","background-position":"center center","background-size":"auto","background-attachment":"scroll","background-type":"","background-media":"","overlay-type":"","overlay-color":"","overlay-opacity":"","overlay-gradient":""}},"footnotes":""},"class_list":["post-1532","page","type-page","status-publish","hentry"],"yoast_head":"<!-- This site is optimized with the Yoast SEO plugin v26.5 - https:\/\/yoast.com\/wordpress\/plugins\/seo\/ -->\r\n<title>3. Convocatorias - Facultad de Odontolog\u00eda Mexicali I Universidad Aut\u00f3noma de Baja California<\/title>\r\n<meta name=\"robots\" content=\"index, follow, max-snippet:-1, max-image-preview:large, max-video-preview:-1\" \/>\r\n<link rel=\"canonical\" href=\"https:\/\/odontologia.mxl.uabc.mx\/odo3\/3-convocatorias\/\" \/>\r\n<meta property=\"og:locale\" content=\"es_ES\" \/>\r\n<meta property=\"og:type\" content=\"article\" \/>\r\n<meta property=\"og:title\" content=\"3. Convocatorias - Facultad de Odontolog\u00eda Mexicali I Universidad Aut\u00f3noma de Baja California\" \/>\r\n<meta property=\"og:description\" content=\"Convocatoria al concurso de selecci\u00f3n para el ingreso a Licenciatura 2025-2\/2026-1 &nbsp;\" \/>\r\n<meta property=\"og:url\" content=\"https:\/\/odontologia.mxl.uabc.mx\/odo3\/3-convocatorias\/\" \/>\r\n<meta property=\"og:site_name\" content=\"Facultad de Odontolog\u00eda Mexicali I Universidad Aut\u00f3noma de Baja California\" \/>\r\n<meta property=\"article:publisher\" content=\"https:\/\/www.facebook.com\/facultadde.odontologiamexicali\" \/>\r\n<meta property=\"article:modified_time\" content=\"2025-04-16T16:23:46+00:00\" \/>\r\n<meta property=\"og:image\" content=\"https:\/\/static.xx.fbcdn.net\/images\/emoji.php\/v9\/t6a\/1\/16\/1f530.png\" \/>\r\n<meta name=\"twitter:card\" content=\"summary_large_image\" \/>\r\n<script type=\"application\/ld+json\" class=\"yoast-schema-graph\">{\"@context\":\"https:\/\/schema.org\",\"@graph\":[{\"@type\":\"WebPage\",\"@id\":\"https:\/\/odontologia.mxl.uabc.mx\/odo3\/3-convocatorias\/\",\"url\":\"https:\/\/odontologia.mxl.uabc.mx\/odo3\/3-convocatorias\/\",\"name\":\"3. Convocatorias - Facultad de Odontolog\u00eda Mexicali I Universidad Aut\u00f3noma de Baja California\",\"isPartOf\":{\"@id\":\"https:\/\/odontologia.mxl.uabc.mx\/odo3\/#website\"},\"primaryImageOfPage\":{\"@id\":\"https:\/\/odontologia.mxl.uabc.mx\/odo3\/3-convocatorias\/#primaryimage\"},\"image\":{\"@id\":\"https:\/\/odontologia.mxl.uabc.mx\/odo3\/3-convocatorias\/#primaryimage\"},\"thumbnailUrl\":\"https:\/\/static.xx.fbcdn.net\/images\/emoji.php\/v9\/t6a\/1\/16\/1f530.png\",\"datePublished\":\"2024-04-04T19:51:45+00:00\",\"dateModified\":\"2025-04-16T16:23:46+00:00\",\"breadcrumb\":{\"@id\":\"https:\/\/odontologia.mxl.uabc.mx\/odo3\/3-convocatorias\/#breadcrumb\"},\"inLanguage\":\"es\",\"potentialAction\":[{\"@type\":\"ReadAction\",\"target\":[\"https:\/\/odontologia.mxl.uabc.mx\/odo3\/3-convocatorias\/\"]}]},{\"@type\":\"ImageObject\",\"inLanguage\":\"es\",\"@id\":\"https:\/\/odontologia.mxl.uabc.mx\/odo3\/3-convocatorias\/#primaryimage\",\"url\":\"https:\/\/static.xx.fbcdn.net\/images\/emoji.php\/v9\/t6a\/1\/16\/1f530.png\",\"contentUrl\":\"https:\/\/static.xx.fbcdn.net\/images\/emoji.php\/v9\/t6a\/1\/16\/1f530.png\"},{\"@type\":\"BreadcrumbList\",\"@id\":\"https:\/\/odontologia.mxl.uabc.mx\/odo3\/3-convocatorias\/#breadcrumb\",\"itemListElement\":[{\"@type\":\"ListItem\",\"position\":1,\"name\":\"Portada\",\"item\":\"https:\/\/odontologia.mxl.uabc.mx\/odo3\/\"},{\"@type\":\"ListItem\",\"position\":2,\"name\":\"3. Convocatorias\"}]},{\"@type\":\"WebSite\",\"@id\":\"https:\/\/odontologia.mxl.uabc.mx\/odo3\/#website\",\"url\":\"https:\/\/odontologia.mxl.uabc.mx\/odo3\/\",\"name\":\"Facultad Odontolog\u00eda Mexicali UABC\",\"description\":\"Facultad de Odontolog\u00eda Mexicali I UABC\",\"publisher\":{\"@id\":\"https:\/\/odontologia.mxl.uabc.mx\/odo3\/#organization\"},\"potentialAction\":[{\"@type\":\"SearchAction\",\"target\":{\"@type\":\"EntryPoint\",\"urlTemplate\":\"https:\/\/odontologia.mxl.uabc.mx\/odo3\/?s={search_term_string}\"},\"query-input\":{\"@type\":\"PropertyValueSpecification\",\"valueRequired\":true,\"valueName\":\"search_term_string\"}}],\"inLanguage\":\"es\"},{\"@type\":\"Organization\",\"@id\":\"https:\/\/odontologia.mxl.uabc.mx\/odo3\/#organization\",\"name\":\"UABC Odontolog\u00eda\",\"url\":\"https:\/\/odontologia.mxl.uabc.mx\/odo3\/\",\"logo\":{\"@type\":\"ImageObject\",\"inLanguage\":\"es\",\"@id\":\"https:\/\/odontologia.mxl.uabc.mx\/odo3\/#\/schema\/logo\/image\/\",\"url\":\"https:\/\/odontologia.mxl.uabc.mx\/odo3\/wp-content\/uploads\/2021\/09\/NOMBRE-Y-LOGO-ua.png\",\"contentUrl\":\"https:\/\/odontologia.mxl.uabc.mx\/odo3\/wp-content\/uploads\/2021\/09\/NOMBRE-Y-LOGO-ua.png\",\"width\":401,\"height\":142,\"caption\":\"UABC Odontolog\u00eda\"},\"image\":{\"@id\":\"https:\/\/odontologia.mxl.uabc.mx\/odo3\/#\/schema\/logo\/image\/\"},\"sameAs\":[\"https:\/\/www.facebook.com\/facultadde.odontologiamexicali\"]}]}<\/script>\r\n<!-- \/ Yoast SEO plugin. -->","yoast_head_json":{"title":"3. Convocatorias - Facultad de Odontolog\u00eda Mexicali I Universidad Aut\u00f3noma de Baja California","robots":{"index":"index","follow":"follow","max-snippet":"max-snippet:-1","max-image-preview":"max-image-preview:large","max-video-preview":"max-video-preview:-1"},"canonical":"https:\/\/odontologia.mxl.uabc.mx\/odo3\/3-convocatorias\/","og_locale":"es_ES","og_type":"article","og_title":"3. Convocatorias - Facultad de Odontolog\u00eda Mexicali I Universidad Aut\u00f3noma de Baja California","og_description":"Convocatoria al concurso de selecci\u00f3n para el ingreso a Licenciatura 2025-2\/2026-1 &nbsp;","og_url":"https:\/\/odontologia.mxl.uabc.mx\/odo3\/3-convocatorias\/","og_site_name":"Facultad de Odontolog\u00eda Mexicali I Universidad Aut\u00f3noma de Baja California","article_publisher":"https:\/\/www.facebook.com\/facultadde.odontologiamexicali","article_modified_time":"2025-04-16T16:23:46+00:00","og_image":[{"url":"https:\/\/static.xx.fbcdn.net\/images\/emoji.php\/v9\/t6a\/1\/16\/1f530.png","type":"","width":"","height":""}],"twitter_card":"summary_large_image","schema":{"@context":"https:\/\/schema.org","@graph":[{"@type":"WebPage","@id":"https:\/\/odontologia.mxl.uabc.mx\/odo3\/3-convocatorias\/","url":"https:\/\/odontologia.mxl.uabc.mx\/odo3\/3-convocatorias\/","name":"3. Convocatorias - Facultad de Odontolog\u00eda Mexicali I Universidad Aut\u00f3noma de Baja California","isPartOf":{"@id":"https:\/\/odontologia.mxl.uabc.mx\/odo3\/#website"},"primaryImageOfPage":{"@id":"https:\/\/odontologia.mxl.uabc.mx\/odo3\/3-convocatorias\/#primaryimage"},"image":{"@id":"https:\/\/odontologia.mxl.uabc.mx\/odo3\/3-convocatorias\/#primaryimage"},"thumbnailUrl":"https:\/\/static.xx.fbcdn.net\/images\/emoji.php\/v9\/t6a\/1\/16\/1f530.png","datePublished":"2024-04-04T19:51:45+00:00","dateModified":"2025-04-16T16:23:46+00:00","breadcrumb":{"@id":"https:\/\/odontologia.mxl.uabc.mx\/odo3\/3-convocatorias\/#breadcrumb"},"inLanguage":"es","potentialAction":[{"@type":"ReadAction","target":["https:\/\/odontologia.mxl.uabc.mx\/odo3\/3-convocatorias\/"]}]},{"@type":"ImageObject","inLanguage":"es","@id":"https:\/\/odontologia.mxl.uabc.mx\/odo3\/3-convocatorias\/#primaryimage","url":"https:\/\/static.xx.fbcdn.net\/images\/emoji.php\/v9\/t6a\/1\/16\/1f530.png","contentUrl":"https:\/\/static.xx.fbcdn.net\/images\/emoji.php\/v9\/t6a\/1\/16\/1f530.png"},{"@type":"BreadcrumbList","@id":"https:\/\/odontologia.mxl.uabc.mx\/odo3\/3-convocatorias\/#breadcrumb","itemListElement":[{"@type":"ListItem","position":1,"name":"Portada","item":"https:\/\/odontologia.mxl.uabc.mx\/odo3\/"},{"@type":"ListItem","position":2,"name":"3. Convocatorias"}]},{"@type":"WebSite","@id":"https:\/\/odontologia.mxl.uabc.mx\/odo3\/#website","url":"https:\/\/odontologia.mxl.uabc.mx\/odo3\/","name":"Facultad Odontolog\u00eda Mexicali UABC","description":"Facultad de Odontolog\u00eda Mexicali I UABC","publisher":{"@id":"https:\/\/odontologia.mxl.uabc.mx\/odo3\/#organization"},"potentialAction":[{"@type":"SearchAction","target":{"@type":"EntryPoint","urlTemplate":"https:\/\/odontologia.mxl.uabc.mx\/odo3\/?s={search_term_string}"},"query-input":{"@type":"PropertyValueSpecification","valueRequired":true,"valueName":"search_term_string"}}],"inLanguage":"es"},{"@type":"Organization","@id":"https:\/\/odontologia.mxl.uabc.mx\/odo3\/#organization","name":"UABC Odontolog\u00eda","url":"https:\/\/odontologia.mxl.uabc.mx\/odo3\/","logo":{"@type":"ImageObject","inLanguage":"es","@id":"https:\/\/odontologia.mxl.uabc.mx\/odo3\/#\/schema\/logo\/image\/","url":"https:\/\/odontologia.mxl.uabc.mx\/odo3\/wp-content\/uploads\/2021\/09\/NOMBRE-Y-LOGO-ua.png","contentUrl":"https:\/\/odontologia.mxl.uabc.mx\/odo3\/wp-content\/uploads\/2021\/09\/NOMBRE-Y-LOGO-ua.png","width":401,"height":142,"caption":"UABC Odontolog\u00eda"},"image":{"@id":"https:\/\/odontologia.mxl.uabc.mx\/odo3\/#\/schema\/logo\/image\/"},"sameAs":["https:\/\/www.facebook.com\/facultadde.odontologiamexicali"]}]}},"_links":{"self":[{"href":"https:\/\/odontologia.mxl.uabc.mx\/odo3\/wp-json\/wp\/v2\/pages\/1532","targetHints":{"allow":["GET"]}}],"collection":[{"href":"https:\/\/odontologia.mxl.uabc.mx\/odo3\/wp-json\/wp\/v2\/pages"}],"about":[{"href":"https:\/\/odontologia.mxl.uabc.mx\/odo3\/wp-json\/wp\/v2\/types\/page"}],"author":[{"embeddable":true,"href":"https:\/\/odontologia.mxl.uabc.mx\/odo3\/wp-json\/wp\/v2\/users\/2"}],"replies":[{"embeddable":true,"href":"https:\/\/odontologia.mxl.uabc.mx\/odo3\/wp-json\/wp\/v2\/comments?post=1532"}],"version-history":[{"count":2,"href":"https:\/\/odontologia.mxl.uabc.mx\/odo3\/wp-json\/wp\/v2\/pages\/1532\/revisions"}],"predecessor-version":[{"id":2292,"href":"https:\/\/odontologia.mxl.uabc.mx\/odo3\/wp-json\/wp\/v2\/pages\/1532\/revisions\/2292"}],"wp:attachment":[{"href":"https:\/\/odontologia.mxl.uabc.mx\/odo3\/wp-json\/wp\/v2\/media?parent=1532"}],"curies":[{"name":"wp","href":"https:\/\/api.w.org\/{rel}","templated":true}]}}