{"id":1529,"date":"2024-04-04T19:49:58","date_gmt":"2024-04-04T19:49:58","guid":{"rendered":"http:\/\/localhost\/odo3\/?page_id=1529"},"modified":"2025-12-12T00:17:04","modified_gmt":"2025-12-12T00:17:04","slug":"2-calendario-escolar","status":"publish","type":"page","link":"https:\/\/odontologia.mxl.uabc.mx\/odo3\/2-calendario-escolar\/","title":{"rendered":"Calendario Escolar"},"content":{"rendered":"\t\t<div data-elementor-type=\"wp-page\" data-elementor-id=\"1529\" class=\"elementor elementor-1529\" data-elementor-post-type=\"page\">\n\t\t\t\t\t\t<section class=\"elementor-section elementor-top-section elementor-element elementor-element-616f69a0 elementor-section-boxed elementor-section-height-default elementor-section-height-default\" data-id=\"616f69a0\" data-element_type=\"section\">\n\t\t\t\t\t\t<div class=\"elementor-container elementor-column-gap-default\">\n\t\t\t\t\t<div class=\"elementor-column elementor-col-100 elementor-top-column elementor-element elementor-element-6a4eff62\" data-id=\"6a4eff62\" data-element_type=\"column\">\n\t\t\t<div class=\"elementor-widget-wrap elementor-element-populated\">\n\t\t\t\t\t\t<div class=\"elementor-element elementor-element-62e6b3b elementor-widget elementor-widget-heading\" data-id=\"62e6b3b\" data-element_type=\"widget\" data-widget_type=\"heading.default\">\n\t\t\t\t\t<h4 class=\"elementor-heading-title elementor-size-default\">Calendario escolar<\/h4>\t\t\t\t<\/div>\n\t\t\t\t<div class=\"elementor-element elementor-element-5710b93 elementor-widget-divider--view-line elementor-widget elementor-widget-divider\" data-id=\"5710b93\" data-element_type=\"widget\" data-widget_type=\"divider.default\">\n\t\t\t\t\t\t\t<div class=\"elementor-divider\">\n\t\t\t<span class=\"elementor-divider-separator\">\n\t\t\t\t\t\t<\/span>\n\t\t<\/div>\n\t\t\t\t\t\t<\/div>\n\t\t\t\t\t<\/div>\n\t\t<\/div>\n\t\t\t\t\t<\/div>\n\t\t<\/section>\n\t\t\t\t<section class=\"elementor-section elementor-top-section elementor-element elementor-element-c746f05 elementor-section-boxed elementor-section-height-default elementor-section-height-default\" data-id=\"c746f05\" data-element_type=\"section\">\n\t\t\t\t\t\t<div class=\"elementor-container elementor-column-gap-default\">\n\t\t\t\t\t<div class=\"elementor-column elementor-col-100 elementor-top-column elementor-element elementor-element-0bb9c33\" data-id=\"0bb9c33\" data-element_type=\"column\">\n\t\t\t<div class=\"elementor-widget-wrap elementor-element-populated\">\n\t\t\t\t\t\t<div class=\"elementor-element elementor-element-3b306bf elementor-widget elementor-widget-text-editor\" data-id=\"3b306bf\" data-element_type=\"widget\" data-widget_type=\"text-editor.default\">\n\t\t\t\t\t\t\t\t\t<p>En el calendario oficial de la UABC se especifican todas las fechas importantes del ciclo escolar, como las correspondientes a inscripciones, pago de recibo de reinscripci\u00f3n, periodo de clases, fecha l\u00edmite para darse de baja, vacaciones, ex\u00e1menes (ordinarios, extraordinarios y de competencias), suspensi\u00f3n de labores y evaluaci\u00f3n docente en opini\u00f3n del alumnado.<\/p>\t\t\t\t\t\t\t\t<\/div>\n\t\t\t\t<div class=\"elementor-element elementor-element-9ee97e6 elementor-widget elementor-widget-image\" data-id=\"9ee97e6\" data-element_type=\"widget\" data-widget_type=\"image.default\">\n\t\t\t\t\t\t\t\t\t\t\t\t\t\t\t<img fetchpriority=\"high\" decoding=\"async\" width=\"1024\" height=\"791\" src=\"https:\/\/odontologia.mxl.uabc.mx\/odo3\/wp-content\/uploads\/2025\/12\/Calendario-de-Actividades-2025-2-2026-1-1024x791-1.png\" class=\"attachment-large size-large wp-image-2862\" alt=\"\" srcset=\"https:\/\/odontologia.mxl.uabc.mx\/odo3\/wp-content\/uploads\/2025\/12\/Calendario-de-Actividades-2025-2-2026-1-1024x791-1.png 1024w, https:\/\/odontologia.mxl.uabc.mx\/odo3\/wp-content\/uploads\/2025\/12\/Calendario-de-Actividades-2025-2-2026-1-1024x791-1-300x232.png 300w, https:\/\/odontologia.mxl.uabc.mx\/odo3\/wp-content\/uploads\/2025\/12\/Calendario-de-Actividades-2025-2-2026-1-1024x791-1-768x593.png 768w\" sizes=\"(max-width: 1024px) 100vw, 1024px\" \/>\t\t\t\t\t\t\t\t\t\t\t\t\t\t\t<\/div>\n\t\t\t\t\t<\/div>\n\t\t<\/div>\n\t\t\t\t\t<\/div>\n\t\t<\/section>\n\t\t\t\t<\/div>\n\t\t","protected":false},"excerpt":{"rendered":"<p>Calendario escolar En el calendario oficial de la UABC se especifican todas las fechas importantes del ciclo escolar, como las correspondientes a inscripciones, pago de recibo de reinscripci\u00f3n, periodo de clases, fecha l\u00edmite para darse de baja, vacaciones, ex\u00e1menes (ordinarios, extraordinarios y de competencias), suspensi\u00f3n de labores y evaluaci\u00f3n docente en opini\u00f3n del alumnado.<\/p>\n","protected":false},"author":2,"featured_media":0,"parent":0,"menu_order":0,"comment_status":"closed","ping_status":"closed","template":"","meta":{"site-sidebar-layout":"default","site-content-layout":"default","ast-site-content-layout":"default","site-content-style":"default","site-sidebar-style":"default","ast-global-header-display":"","ast-banner-title-visibility":"","ast-main-header-display":"","ast-hfb-above-header-display":"","ast-hfb-below-header-display":"","ast-hfb-mobile-header-display":"","site-post-title":"","ast-breadcrumbs-content":"","ast-featured-img":"","footer-sml-layout":"","theme-transparent-header-meta":"default","adv-header-id-meta":"","stick-header-meta":"","header-above-stick-meta":"","header-main-stick-meta":"","header-below-stick-meta":"","astra-migrate-meta-layouts":"set","ast-page-background-enabled":"default","ast-page-background-meta":{"desktop":{"background-color":"","background-image":"","background-repeat":"repeat","background-position":"center center","background-size":"auto","background-attachment":"scroll","background-type":"","background-media":"","overlay-type":"","overlay-color":"","overlay-opacity":"","overlay-gradient":""},"tablet":{"background-color":"","background-image":"","background-repeat":"repeat","background-position":"center center","background-size":"auto","background-attachment":"scroll","background-type":"","background-media":"","overlay-type":"","overlay-color":"","overlay-opacity":"","overlay-gradient":""},"mobile":{"background-color":"","background-image":"","background-repeat":"repeat","background-position":"center center","background-size":"auto","background-attachment":"scroll","background-type":"","background-media":"","overlay-type":"","overlay-color":"","overlay-opacity":"","overlay-gradient":""}},"ast-content-background-meta":{"desktop":{"background-color":"var(--ast-global-color-5)","background-image":"","background-repeat":"repeat","background-position":"center center","background-size":"auto","background-attachment":"scroll","background-type":"","background-media":"","overlay-type":"","overlay-color":"","overlay-opacity":"","overlay-gradient":""},"tablet":{"background-color":"var(--ast-global-color-5)","background-image":"","background-repeat":"repeat","background-position":"center center","background-size":"auto","background-attachment":"scroll","background-type":"","background-media":"","overlay-type":"","overlay-color":"","overlay-opacity":"","overlay-gradient":""},"mobile":{"background-color":"var(--ast-global-color-5)","background-image":"","background-repeat":"repeat","background-position":"center center","background-size":"auto","background-attachment":"scroll","background-type":"","background-media":"","overlay-type":"","overlay-color":"","overlay-opacity":"","overlay-gradient":""}},"footnotes":""},"class_list":["post-1529","page","type-page","status-publish","hentry"],"yoast_head":"<!-- This site is optimized with the Yoast SEO plugin v26.5 - https:\/\/yoast.com\/wordpress\/plugins\/seo\/ -->\r\n<title>Calendario Escolar - Facultad de Odontolog\u00eda Mexicali I Universidad Aut\u00f3noma de Baja California<\/title>\r\n<meta name=\"description\" content=\"Consulta el Calendario Escolar oficial de la UABC. Encuentra fechas de inscripci\u00f3n, per\u00edodos de clases, ex\u00e1menes, vacaciones y tr\u00e1mites para todos los niveles y campus.\" \/>\r\n<meta name=\"robots\" content=\"index, follow, max-snippet:-1, max-image-preview:large, max-video-preview:-1\" \/>\r\n<link rel=\"canonical\" href=\"https:\/\/odontologia.mxl.uabc.mx\/odo3\/2-calendario-escolar\/\" \/>\r\n<meta property=\"og:locale\" content=\"es_ES\" \/>\r\n<meta property=\"og:type\" content=\"article\" \/>\r\n<meta property=\"og:title\" content=\"Calendario Escolar - Facultad de Odontolog\u00eda Mexicali I Universidad Aut\u00f3noma de Baja California\" \/>\r\n<meta property=\"og:description\" content=\"Consulta el Calendario Escolar oficial de la UABC. Encuentra fechas de inscripci\u00f3n, per\u00edodos de clases, ex\u00e1menes, vacaciones y tr\u00e1mites para todos los niveles y campus.\" \/>\r\n<meta property=\"og:url\" content=\"https:\/\/odontologia.mxl.uabc.mx\/odo3\/2-calendario-escolar\/\" \/>\r\n<meta property=\"og:site_name\" content=\"Facultad de Odontolog\u00eda Mexicali I Universidad Aut\u00f3noma de Baja California\" \/>\r\n<meta property=\"article:publisher\" content=\"https:\/\/www.facebook.com\/facultadde.odontologiamexicali\" \/>\r\n<meta property=\"article:modified_time\" content=\"2025-12-12T00:17:04+00:00\" \/>\r\n<meta property=\"og:image\" content=\"https:\/\/odontologia.mxl.uabc.mx\/odo3\/wp-content\/uploads\/2025\/12\/Calendario-de-Actividades-2025-2-2026-1-1024x791-1.png\" \/>\r\n\t<meta property=\"og:image:width\" content=\"1024\" \/>\r\n\t<meta property=\"og:image:height\" content=\"791\" \/>\r\n\t<meta property=\"og:image:type\" content=\"image\/png\" \/>\r\n<meta name=\"twitter:card\" content=\"summary_large_image\" \/>\r\n<meta name=\"twitter:label1\" content=\"Tiempo de lectura\" \/>\n\t<meta name=\"twitter:data1\" content=\"1 minuto\" \/>\r\n<script type=\"application\/ld+json\" class=\"yoast-schema-graph\">{\"@context\":\"https:\/\/schema.org\",\"@graph\":[{\"@type\":\"WebPage\",\"@id\":\"https:\/\/odontologia.mxl.uabc.mx\/odo3\/2-calendario-escolar\/\",\"url\":\"https:\/\/odontologia.mxl.uabc.mx\/odo3\/2-calendario-escolar\/\",\"name\":\"Calendario Escolar - Facultad de Odontolog\u00eda Mexicali I Universidad Aut\u00f3noma de Baja California\",\"isPartOf\":{\"@id\":\"https:\/\/odontologia.mxl.uabc.mx\/odo3\/#website\"},\"primaryImageOfPage\":{\"@id\":\"https:\/\/odontologia.mxl.uabc.mx\/odo3\/2-calendario-escolar\/#primaryimage\"},\"image\":{\"@id\":\"https:\/\/odontologia.mxl.uabc.mx\/odo3\/2-calendario-escolar\/#primaryimage\"},\"thumbnailUrl\":\"https:\/\/odontologia.mxl.uabc.mx\/odo3\/wp-content\/uploads\/2025\/12\/Calendario-de-Actividades-2025-2-2026-1-1024x791-1.png\",\"datePublished\":\"2024-04-04T19:49:58+00:00\",\"dateModified\":\"2025-12-12T00:17:04+00:00\",\"description\":\"Consulta el Calendario Escolar oficial de la UABC. Encuentra fechas de inscripci\u00f3n, per\u00edodos de clases, ex\u00e1menes, vacaciones y tr\u00e1mites para todos los niveles y campus.\",\"breadcrumb\":{\"@id\":\"https:\/\/odontologia.mxl.uabc.mx\/odo3\/2-calendario-escolar\/#breadcrumb\"},\"inLanguage\":\"es\",\"potentialAction\":[{\"@type\":\"ReadAction\",\"target\":[\"https:\/\/odontologia.mxl.uabc.mx\/odo3\/2-calendario-escolar\/\"]}]},{\"@type\":\"ImageObject\",\"inLanguage\":\"es\",\"@id\":\"https:\/\/odontologia.mxl.uabc.mx\/odo3\/2-calendario-escolar\/#primaryimage\",\"url\":\"https:\/\/odontologia.mxl.uabc.mx\/odo3\/wp-content\/uploads\/2025\/12\/Calendario-de-Actividades-2025-2-2026-1-1024x791-1.png\",\"contentUrl\":\"https:\/\/odontologia.mxl.uabc.mx\/odo3\/wp-content\/uploads\/2025\/12\/Calendario-de-Actividades-2025-2-2026-1-1024x791-1.png\",\"width\":1024,\"height\":791},{\"@type\":\"BreadcrumbList\",\"@id\":\"https:\/\/odontologia.mxl.uabc.mx\/odo3\/2-calendario-escolar\/#breadcrumb\",\"itemListElement\":[{\"@type\":\"ListItem\",\"position\":1,\"name\":\"Portada\",\"item\":\"https:\/\/odontologia.mxl.uabc.mx\/odo3\/\"},{\"@type\":\"ListItem\",\"position\":2,\"name\":\"Calendario Escolar\"}]},{\"@type\":\"WebSite\",\"@id\":\"https:\/\/odontologia.mxl.uabc.mx\/odo3\/#website\",\"url\":\"https:\/\/odontologia.mxl.uabc.mx\/odo3\/\",\"name\":\"Facultad Odontolog\u00eda Mexicali UABC\",\"description\":\"Facultad de Odontolog\u00eda Mexicali I UABC\",\"publisher\":{\"@id\":\"https:\/\/odontologia.mxl.uabc.mx\/odo3\/#organization\"},\"potentialAction\":[{\"@type\":\"SearchAction\",\"target\":{\"@type\":\"EntryPoint\",\"urlTemplate\":\"https:\/\/odontologia.mxl.uabc.mx\/odo3\/?s={search_term_string}\"},\"query-input\":{\"@type\":\"PropertyValueSpecification\",\"valueRequired\":true,\"valueName\":\"search_term_string\"}}],\"inLanguage\":\"es\"},{\"@type\":\"Organization\",\"@id\":\"https:\/\/odontologia.mxl.uabc.mx\/odo3\/#organization\",\"name\":\"UABC Odontolog\u00eda\",\"url\":\"https:\/\/odontologia.mxl.uabc.mx\/odo3\/\",\"logo\":{\"@type\":\"ImageObject\",\"inLanguage\":\"es\",\"@id\":\"https:\/\/odontologia.mxl.uabc.mx\/odo3\/#\/schema\/logo\/image\/\",\"url\":\"https:\/\/odontologia.mxl.uabc.mx\/odo3\/wp-content\/uploads\/2021\/09\/NOMBRE-Y-LOGO-ua.png\",\"contentUrl\":\"https:\/\/odontologia.mxl.uabc.mx\/odo3\/wp-content\/uploads\/2021\/09\/NOMBRE-Y-LOGO-ua.png\",\"width\":401,\"height\":142,\"caption\":\"UABC Odontolog\u00eda\"},\"image\":{\"@id\":\"https:\/\/odontologia.mxl.uabc.mx\/odo3\/#\/schema\/logo\/image\/\"},\"sameAs\":[\"https:\/\/www.facebook.com\/facultadde.odontologiamexicali\"]}]}<\/script>\r\n<!-- \/ Yoast SEO plugin. -->","yoast_head_json":{"title":"Calendario Escolar - Facultad de Odontolog\u00eda Mexicali I Universidad Aut\u00f3noma de Baja California","description":"Consulta el Calendario Escolar oficial de la UABC. Encuentra fechas de inscripci\u00f3n, per\u00edodos de clases, ex\u00e1menes, vacaciones y tr\u00e1mites para todos los niveles y campus.","robots":{"index":"index","follow":"follow","max-snippet":"max-snippet:-1","max-image-preview":"max-image-preview:large","max-video-preview":"max-video-preview:-1"},"canonical":"https:\/\/odontologia.mxl.uabc.mx\/odo3\/2-calendario-escolar\/","og_locale":"es_ES","og_type":"article","og_title":"Calendario Escolar - Facultad de Odontolog\u00eda Mexicali I Universidad Aut\u00f3noma de Baja California","og_description":"Consulta el Calendario Escolar oficial de la UABC. Encuentra fechas de inscripci\u00f3n, per\u00edodos de clases, ex\u00e1menes, vacaciones y tr\u00e1mites para todos los niveles y campus.","og_url":"https:\/\/odontologia.mxl.uabc.mx\/odo3\/2-calendario-escolar\/","og_site_name":"Facultad de Odontolog\u00eda Mexicali I Universidad Aut\u00f3noma de Baja California","article_publisher":"https:\/\/www.facebook.com\/facultadde.odontologiamexicali","article_modified_time":"2025-12-12T00:17:04+00:00","og_image":[{"width":1024,"height":791,"url":"https:\/\/odontologia.mxl.uabc.mx\/odo3\/wp-content\/uploads\/2025\/12\/Calendario-de-Actividades-2025-2-2026-1-1024x791-1.png","type":"image\/png"}],"twitter_card":"summary_large_image","twitter_misc":{"Tiempo de lectura":"1 minuto"},"schema":{"@context":"https:\/\/schema.org","@graph":[{"@type":"WebPage","@id":"https:\/\/odontologia.mxl.uabc.mx\/odo3\/2-calendario-escolar\/","url":"https:\/\/odontologia.mxl.uabc.mx\/odo3\/2-calendario-escolar\/","name":"Calendario Escolar - Facultad de Odontolog\u00eda Mexicali I Universidad Aut\u00f3noma de Baja California","isPartOf":{"@id":"https:\/\/odontologia.mxl.uabc.mx\/odo3\/#website"},"primaryImageOfPage":{"@id":"https:\/\/odontologia.mxl.uabc.mx\/odo3\/2-calendario-escolar\/#primaryimage"},"image":{"@id":"https:\/\/odontologia.mxl.uabc.mx\/odo3\/2-calendario-escolar\/#primaryimage"},"thumbnailUrl":"https:\/\/odontologia.mxl.uabc.mx\/odo3\/wp-content\/uploads\/2025\/12\/Calendario-de-Actividades-2025-2-2026-1-1024x791-1.png","datePublished":"2024-04-04T19:49:58+00:00","dateModified":"2025-12-12T00:17:04+00:00","description":"Consulta el Calendario Escolar oficial de la UABC. Encuentra fechas de inscripci\u00f3n, per\u00edodos de clases, ex\u00e1menes, vacaciones y tr\u00e1mites para todos los niveles y campus.","breadcrumb":{"@id":"https:\/\/odontologia.mxl.uabc.mx\/odo3\/2-calendario-escolar\/#breadcrumb"},"inLanguage":"es","potentialAction":[{"@type":"ReadAction","target":["https:\/\/odontologia.mxl.uabc.mx\/odo3\/2-calendario-escolar\/"]}]},{"@type":"ImageObject","inLanguage":"es","@id":"https:\/\/odontologia.mxl.uabc.mx\/odo3\/2-calendario-escolar\/#primaryimage","url":"https:\/\/odontologia.mxl.uabc.mx\/odo3\/wp-content\/uploads\/2025\/12\/Calendario-de-Actividades-2025-2-2026-1-1024x791-1.png","contentUrl":"https:\/\/odontologia.mxl.uabc.mx\/odo3\/wp-content\/uploads\/2025\/12\/Calendario-de-Actividades-2025-2-2026-1-1024x791-1.png","width":1024,"height":791},{"@type":"BreadcrumbList","@id":"https:\/\/odontologia.mxl.uabc.mx\/odo3\/2-calendario-escolar\/#breadcrumb","itemListElement":[{"@type":"ListItem","position":1,"name":"Portada","item":"https:\/\/odontologia.mxl.uabc.mx\/odo3\/"},{"@type":"ListItem","position":2,"name":"Calendario Escolar"}]},{"@type":"WebSite","@id":"https:\/\/odontologia.mxl.uabc.mx\/odo3\/#website","url":"https:\/\/odontologia.mxl.uabc.mx\/odo3\/","name":"Facultad Odontolog\u00eda Mexicali UABC","description":"Facultad de Odontolog\u00eda Mexicali I UABC","publisher":{"@id":"https:\/\/odontologia.mxl.uabc.mx\/odo3\/#organization"},"potentialAction":[{"@type":"SearchAction","target":{"@type":"EntryPoint","urlTemplate":"https:\/\/odontologia.mxl.uabc.mx\/odo3\/?s={search_term_string}"},"query-input":{"@type":"PropertyValueSpecification","valueRequired":true,"valueName":"search_term_string"}}],"inLanguage":"es"},{"@type":"Organization","@id":"https:\/\/odontologia.mxl.uabc.mx\/odo3\/#organization","name":"UABC Odontolog\u00eda","url":"https:\/\/odontologia.mxl.uabc.mx\/odo3\/","logo":{"@type":"ImageObject","inLanguage":"es","@id":"https:\/\/odontologia.mxl.uabc.mx\/odo3\/#\/schema\/logo\/image\/","url":"https:\/\/odontologia.mxl.uabc.mx\/odo3\/wp-content\/uploads\/2021\/09\/NOMBRE-Y-LOGO-ua.png","contentUrl":"https:\/\/odontologia.mxl.uabc.mx\/odo3\/wp-content\/uploads\/2021\/09\/NOMBRE-Y-LOGO-ua.png","width":401,"height":142,"caption":"UABC Odontolog\u00eda"},"image":{"@id":"https:\/\/odontologia.mxl.uabc.mx\/odo3\/#\/schema\/logo\/image\/"},"sameAs":["https:\/\/www.facebook.com\/facultadde.odontologiamexicali"]}]}},"_links":{"self":[{"href":"https:\/\/odontologia.mxl.uabc.mx\/odo3\/wp-json\/wp\/v2\/pages\/1529","targetHints":{"allow":["GET"]}}],"collection":[{"href":"https:\/\/odontologia.mxl.uabc.mx\/odo3\/wp-json\/wp\/v2\/pages"}],"about":[{"href":"https:\/\/odontologia.mxl.uabc.mx\/odo3\/wp-json\/wp\/v2\/types\/page"}],"author":[{"embeddable":true,"href":"https:\/\/odontologia.mxl.uabc.mx\/odo3\/wp-json\/wp\/v2\/users\/2"}],"replies":[{"embeddable":true,"href":"https:\/\/odontologia.mxl.uabc.mx\/odo3\/wp-json\/wp\/v2\/comments?post=1529"}],"version-history":[{"count":14,"href":"https:\/\/odontologia.mxl.uabc.mx\/odo3\/wp-json\/wp\/v2\/pages\/1529\/revisions"}],"predecessor-version":[{"id":2865,"href":"https:\/\/odontologia.mxl.uabc.mx\/odo3\/wp-json\/wp\/v2\/pages\/1529\/revisions\/2865"}],"wp:attachment":[{"href":"https:\/\/odontologia.mxl.uabc.mx\/odo3\/wp-json\/wp\/v2\/media?parent=1529"}],"curies":[{"name":"wp","href":"https:\/\/api.w.org\/{rel}","templated":true}]}}