{"id":1178,"date":"2021-09-23T06:00:00","date_gmt":"2021-09-23T06:00:00","guid":{"rendered":"http:\/\/localhost\/odo3\/?page_id=1178"},"modified":"2026-02-16T20:44:24","modified_gmt":"2026-02-16T20:44:24","slug":"directorio","status":"publish","type":"page","link":"https:\/\/odontologia.mxl.uabc.mx\/odo3\/directorio\/","title":{"rendered":"Directorio"},"content":{"rendered":"\t\t<div data-elementor-type=\"wp-page\" data-elementor-id=\"1178\" class=\"elementor elementor-1178\" data-elementor-post-type=\"page\">\n\t\t\t\t\t\t<section class=\"elementor-section elementor-top-section elementor-element elementor-element-e3f1a62 elementor-section-full_width elementor-section-height-min-height elementor-section-height-default elementor-section-items-middle\" data-id=\"e3f1a62\" data-element_type=\"section\" data-settings=\"{&quot;background_background&quot;:&quot;classic&quot;}\">\n\t\t\t\t\t\t\t<div class=\"elementor-background-overlay\"><\/div>\n\t\t\t\t\t\t\t<div class=\"elementor-container elementor-column-gap-no\">\n\t\t\t\t\t<div class=\"elementor-column elementor-col-100 elementor-top-column elementor-element elementor-element-84a6479\" data-id=\"84a6479\" data-element_type=\"column\">\n\t\t\t<div class=\"elementor-widget-wrap elementor-element-populated\">\n\t\t\t\t\t\t<div class=\"elementor-element elementor-element-869aaf5 elementor-widget elementor-widget-spacer\" data-id=\"869aaf5\" data-element_type=\"widget\" data-widget_type=\"spacer.default\">\n\t\t\t\t\t\t\t<div class=\"elementor-spacer\">\n\t\t\t<div class=\"elementor-spacer-inner\"><\/div>\n\t\t<\/div>\n\t\t\t\t\t\t<\/div>\n\t\t\t\t<div class=\"elementor-element elementor-element-46f3f68 elementor-widget elementor-widget-text-editor\" data-id=\"46f3f68\" data-element_type=\"widget\" data-widget_type=\"text-editor.default\">\n\t\t\t\t\t\t\t\t\t<h2 style=\"text-align: center;\"><span style=\"color: #ffffff;\"><strong>Directorio<\/strong><\/span><\/h2>\t\t\t\t\t\t\t\t<\/div>\n\t\t\t\t\t<\/div>\n\t\t<\/div>\n\t\t\t\t\t<\/div>\n\t\t<\/section>\n\t\t\t\t<section class=\"elementor-section elementor-top-section elementor-element elementor-element-962dfea elementor-section-boxed elementor-section-height-default elementor-section-height-default\" data-id=\"962dfea\" data-element_type=\"section\">\n\t\t\t\t\t\t<div class=\"elementor-container elementor-column-gap-default\">\n\t\t\t\t\t<div class=\"elementor-column elementor-col-100 elementor-top-column elementor-element elementor-element-64efc22\" data-id=\"64efc22\" data-element_type=\"column\">\n\t\t\t<div class=\"elementor-widget-wrap elementor-element-populated\">\n\t\t\t\t\t\t<div class=\"elementor-element elementor-element-2565831 elementor-widget elementor-widget-text-editor\" data-id=\"2565831\" data-element_type=\"widget\" data-widget_type=\"text-editor.default\">\n\t\t\t\t\t\t\t\t\t<div class=\"directorio\" tabindex=\"0\" role=\"region\">\n<table border=\"1\" cellpadding=\"5\" cellspacing=\"1\" style=\"border-collapse:collapse;border:1px solid #dededf;width:100%;\">\n<!-- T\u00edtulo con fondo blanco hasta arriba -->\n<tr bgcolor=\"#ffffff\">\n<td colspan=\"3\" align=\"center\" style=\"padding:10px;\">\n<strong style=\"font-size:16px;\">Directorio de la Facultad de Odontolog\u00eda<\/strong><br>\n686-557-3268 686-555-4008 686-582-3989<br>\nCalle chinampas y ave. Zotoluca s\/n Fracc. Calafia C.P.21040\n<\/td>\n<\/tr>\n\n<!-- Encabezados en verde inmediatamente despu\u00e9s del t\u00edtulo -->\n<tr bgcolor=\"#08743c\">\n<th><font color=\"white\">Puesto<\/font><\/th>\n<th><font color=\"white\">Nombre<\/font><\/th>\n<th><font color=\"white\">Ext.<\/font><\/th>\n<\/tr>\n\n<tbody>\n<!-- Direcci\u00f3n -->\n<tr>\n<td><strong>Directora<\/strong><\/td>\n<td>Dra. Herla A\u00edda Vieira Nevarez<\/td>\n<td>45200<\/td>\n<\/tr>\n<tr>\n<td><strong>Secretaria<\/strong><\/td>\n<td>Mar\u00eda Francisca Sauceda Mac\u00edas<\/td>\n<td>45201<\/td>\n<\/tr>\n<tr>\n<td><strong>Subdirector<\/strong><\/td>\n<td>Dr. Jes\u00fas Antonio Camacho Mondrag\u00f3n<\/td>\n<td>45202<\/td>\n<\/tr>\n<tr>\n<td><strong>Secretaria Atenci\u00f3n Escolar<\/strong><\/td>\n<td>Tania Paola Galindo Rodr\u00edguez<\/td>\n<td>45203<\/td>\n<\/tr>\n<tr>\n<td><strong>Administradora<\/strong><\/td>\n<td>Lic. Ang\u00e9lica Mart\u00edn Figueroa<\/td>\n<td>45204<\/td>\n<\/tr>\n<tr>\n<td><strong>Secretaria Administraci\u00f3n<\/strong><\/td>\n<td>Ana Luciela Estrada Portugal<\/td>\n<td>45205<\/td>\n<\/tr>\n<tr>\n<td><strong>Secretaria Subdirector<\/strong><\/td>\n<td>L.C. Mariel Garc\u00eda Mac\u00edas<\/td>\n<td>45206<\/td>\n<\/tr>\n<tr>\n<td><strong>Coordinador de Extensi\u00f3n y Vinculaci\u00f3n<\/strong><\/td>\n<td>Dr. Julio C\u00e9sar Flores Preciado<\/td>\n<td>45208<\/td>\n<\/tr>\n<tr>\n<td><strong>Coordinador de Formaci\u00f3n Profesional<\/strong><\/td>\n<td>Dra. Claudia Elena Ibarra Sandoval<\/td>\n<td>45220<\/td>\n<\/tr>\n<tr>\n<td><strong>Responsable de Patolog\u00eda<\/strong><\/td>\n<td>Dr. Jos\u00e9 Antonio Due\u00f1as Escalante<\/td>\n<td>45209<\/td>\n<\/tr>\n<tr>\n<td><strong>Responsable de Educaci\u00f3n Continua<\/strong><\/td>\n<td>Dra. Isis Mateos Corral<\/td>\n<td>45219<\/td>\n<\/tr>\n<tr>\n<td><strong>Responsable del Comit\u00e9 de Seguridad, Higiene y Protecci\u00f3n Ambiental.<\/strong><\/td>\n<td>Dr. Gabriel Mu\u00f1oz Salcido<\/td>\n<td>45213<\/td>\n<\/tr>\n<tr>\n<td><strong>Responsable de Planeaci\u00f3n y Desarrollo<\/strong><\/td>\n<td>Lic. Cristina F\u00e9lix Mercado<\/td>\n<td>45214<\/td>\n<\/tr>\n<tr>\n<td><strong>Responsable de Admisi\u00f3n<\/strong><\/td>\n<td>Dr. Nahir Alejandro Naranjo Cintora<\/td>\n<td>45211<\/td>\n<\/tr>\n<tr>\n<td><strong>Responsable de Administraci\u00f3n Acad\u00e9mica y Difusi\u00f3n Cultural<\/strong><\/td>\n<td>Mtro. Rub\u00e9n Antonio Berm\u00fadez Vivas<\/td>\n<td>45218<\/td>\n<\/tr>\n<tr>\n<td><strong>Encargado de la Coordinaci\u00f3n de Investigaci\u00f3n y Posgrado<\/strong><\/td>\n<td>Dra. Anna Arely Gonz\u00e1lez Rasc\u00f3n<\/td>\n<td>45223<\/td>\n<\/tr>\n<tr>\n<td><strong>Responsable en Doctorado<\/strong><\/td>\n<td>Dra. Sandra Leticia Castillo Uribe<\/td>\n<td>45217<\/td>\n<\/tr>\n<tr>\n<td><strong>Responsable de Egresados<\/strong><\/td>\n<td>Mtra. Claudia Lissette Saavedra Mart\u00ednez<\/td>\n<td>45221<\/td>\n<\/tr>\n<tr>\n<td><strong>Responsable de Orientaci\u00f3n Educativa y Psicopedag\u00f3gica<\/strong><\/td>\n<td>Mtra. Laura Cecilia D\u00edaz Moreno<\/td>\n<td>45207<\/td>\n<\/tr>\n<tr>\n<td><strong>Responsable de Investigaci\u00f3n<\/strong><\/td>\n<td>Dra. Mara G\u00f3mez Flores<\/td>\n<td>45224<\/td>\n<\/tr>\n<tr>\n<td><strong>Responsable de Tutorias<\/strong><\/td>\n<td>Dra. Arely Jezabell Llanes Quintero<\/td>\n<td>45243<\/td>\n<\/tr>\n\n<!-- Coordinaci\u00f3n de Cl\u00ednica de Odontolog\u00eda Calafia -->\n<tr bgcolor=\"#08743c\">\n<td colspan=\"3\" align=\"center\"><h5 style=\"color:white; margin:0;\"><strong>Coordinaci\u00f3n de Cl\u00ednica de Odontolog\u00eda Calafia<\/strong><\/h5><\/td>\n<\/tr>\n<tr>\n<td><strong>Encargada de la Coordinaci\u00f3n de Cl\u00ednicas<\/strong><\/td>\n<td>Dra. Edith Hern\u00e1ndez Ovies<\/td>\n<td>45230<\/td>\n<\/tr>\n<tr>\n<td><strong>Responsable de la Oficina de Cajas<\/strong><\/td>\n<td>Lic. Arturo Campos Araujo<\/td>\n<td>45231<\/td>\n<\/tr>\n<tr>\n<td><strong>Caja Calafia<\/strong><\/td>\n<td>Eugenio Alberto Campos Torres<\/td>\n<td>45232<\/td>\n<\/tr>\n<tr>\n<td><strong>Responsable de Almac\u00e9n y Equipo Dental<\/strong><\/td>\n<td>Miguel Alonso Valdez Cassio<\/td>\n<td>45234<\/td>\n<\/tr>\n<tr bgcolor=\"#a5d6a5\">\n<td><strong>Responsable Cl\u00ednica Calle 11<\/strong><\/td>\n<td>Mtro. Marco Arturo Moreno Solorio<\/td>\n<td>553-07-07<\/td>\n<\/tr>\n<tr bgcolor=\"#a5d6a5\">\n<td><strong>Responsable Cl\u00ednica Naranjos<\/strong><\/td>\n<td>Mtra. Mar\u00eda Alejandra Villa Mayorga<\/td>\n<td>592-71-12<\/td>\n<\/tr>\n<tr>\n<td><strong>Responsable de Policl\u00ednicas<\/strong><\/td>\n<td>Dra. Mara Paulina Garc\u00eda L\u00f3pez<\/td>\n<td>905-97-98 Ext. 40421<\/td>\n<\/tr>\n<tr>\n<td><strong>Caja Policl\u00ednica<\/strong><\/td>\n<td><\/td>\n<td>40422<\/td>\n<\/tr>\n<tr>\n<td><strong>Farmacia Policl\u00ednica<\/strong><\/td>\n<td><\/td>\n<td>40423<\/td>\n<\/tr>\n\n<!-- Biblioteca -->\n<tr bgcolor=\"#08743c\">\n<td colspan=\"3\" align=\"center\"><h5 style=\"color:white; margin:0;\"><strong>Biblioteca<\/strong><\/h5><\/td>\n<\/tr>\n<tr>\n<td><strong>Bibliotecaria<\/strong><\/td>\n<td>Leticia Aurora Tinoco Romero<\/td>\n<td>45240<\/td>\n<\/tr>\n<tr>\n<td><strong>Responsable de Informaci\u00f3n Acad\u00e9mica y Actividades Estudiantiles<\/strong><\/td>\n<td>Mtro. Daniel Lastra Reyes<\/td>\n<td>45241<\/td>\n<\/tr>\n<tr>\n<td><strong>Responsable de Equipo Audiovisual y Gr\u00e1fico<\/strong><\/td>\n<td>Gloria Farah Hage Rivera<\/td>\n<td>45242<\/td>\n<\/tr>\n\n<!-- Especialidades -->\n<tr bgcolor=\"#08743c\">\n<td colspan=\"3\" align=\"center\"><h5 style=\"color:white; margin:0;\"><strong>Especialidades<\/strong><\/h5><\/td>\n<\/tr>\n<tr>\n<td><strong>Responsable de la Especialidad en Ortodoncia<\/strong><\/td>\n<td>Dra. Laura Roana Valenzuela Ruiz<\/td>\n<td>45245<\/td>\n<\/tr>\n<tr>\n<td><strong>Responsable de la Especialidad en Periodoncia<\/strong><\/td>\n<td>Dr. Fernando Garc\u00eda Ar\u00e9valo<\/td>\n<td>45212<\/td>\n<\/tr>\n<tr>\n<td><strong>Responsable de la Especialidad en Endodoncia<\/strong><\/td>\n<td>Dra. Dulce Martha Fuchen Ramos<\/td>\n<td>45210<\/td>\n<\/tr>\n<tr>\n<td><strong>Responsable de Especialidad en Prostodoncia<\/strong><\/td>\n<td>Dra. Arely Thaiz Martin Navarro<\/td>\n<td>45222<\/td>\n<\/tr>\n\n<!-- Edificio B -->\n<tr bgcolor=\"#08743c\">\n<td colspan=\"3\" align=\"center\"><h5 style=\"color:white; margin:0;\"><strong>Edificio B<\/strong><\/h5><\/td>\n<\/tr>\n<tr>\n<td><strong>Quir\u00f3fano<\/strong><\/td>\n<td>Quir\u00f3fano<\/td>\n<td>45247<\/td>\n<\/tr>\n<\/tbody>\n<\/table>\n<\/div>\t\t\t\t\t\t\t\t<\/div>\n\t\t\t\t\t<\/div>\n\t\t<\/div>\n\t\t\t\t\t<\/div>\n\t\t<\/section>\n\t\t\t\t<\/div>\n\t\t","protected":false},"excerpt":{"rendered":"<p>Directorio Directorio de la Facultad de Odontolog\u00eda 686-557-3268 686-555-4008 686-582-3989 Calle chinampas y ave. Zotoluca s\/n Fracc. Calafia C.P.21040 Puesto Nombre Ext. Directora Dra. Herla A\u00edda Vieira Nevarez 45200 Secretaria Mar\u00eda Francisca Sauceda Mac\u00edas 45201 Subdirector Dr. Jes\u00fas Antonio Camacho Mondrag\u00f3n 45202 Secretaria Atenci\u00f3n Escolar Tania Paola Galindo Rodr\u00edguez 45203 Administradora Lic. Ang\u00e9lica Mart\u00edn Figueroa [&hellip;]<\/p>\n","protected":false},"author":1,"featured_media":0,"parent":0,"menu_order":0,"comment_status":"closed","ping_status":"closed","template":"","meta":{"site-sidebar-layout":"no-sidebar","site-content-layout":"page-builder","ast-site-content-layout":"default","site-content-style":"default","site-sidebar-style":"default","ast-global-header-display":"","ast-banner-title-visibility":"","ast-main-header-display":"","ast-hfb-above-header-display":"","ast-hfb-below-header-display":"","ast-hfb-mobile-header-display":"","site-post-title":"disabled","ast-breadcrumbs-content":"disabled","ast-featured-img":"disabled","footer-sml-layout":"","theme-transparent-header-meta":"disabled","adv-header-id-meta":"","stick-header-meta":"","header-above-stick-meta":"","header-main-stick-meta":"","header-below-stick-meta":"","astra-migrate-meta-layouts":"default","ast-page-background-enabled":"default","ast-page-background-meta":{"desktop":{"background-color":"","background-image":"","background-repeat":"repeat","background-position":"center center","background-size":"auto","background-attachment":"scroll","background-type":"","background-media":"","overlay-type":"","overlay-color":"","overlay-opacity":"","overlay-gradient":""},"tablet":{"background-color":"","background-image":"","background-repeat":"repeat","background-position":"center center","background-size":"auto","background-attachment":"scroll","background-type":"","background-media":"","overlay-type":"","overlay-color":"","overlay-opacity":"","overlay-gradient":""},"mobile":{"background-color":"","background-image":"","background-repeat":"repeat","background-position":"center center","background-size":"auto","background-attachment":"scroll","background-type":"","background-media":"","overlay-type":"","overlay-color":"","overlay-opacity":"","overlay-gradient":""}},"ast-content-background-meta":{"desktop":{"background-color":"var(--ast-global-color-5)","background-image":"","background-repeat":"repeat","background-position":"center center","background-size":"auto","background-attachment":"scroll","background-type":"","background-media":"","overlay-type":"","overlay-color":"","overlay-opacity":"","overlay-gradient":""},"tablet":{"background-color":"var(--ast-global-color-5)","background-image":"","background-repeat":"repeat","background-position":"center center","background-size":"auto","background-attachment":"scroll","background-type":"","background-media":"","overlay-type":"","overlay-color":"","overlay-opacity":"","overlay-gradient":""},"mobile":{"background-color":"var(--ast-global-color-5)","background-image":"","background-repeat":"repeat","background-position":"center center","background-size":"auto","background-attachment":"scroll","background-type":"","background-media":"","overlay-type":"","overlay-color":"","overlay-opacity":"","overlay-gradient":""}},"footnotes":""},"class_list":["post-1178","page","type-page","status-publish","hentry"],"yoast_head":"<!-- This site is optimized with the Yoast SEO plugin v26.5 - https:\/\/yoast.com\/wordpress\/plugins\/seo\/ -->\r\n<title>Directorio - Facultad de Odontolog\u00eda Mexicali I Universidad Aut\u00f3noma de Baja California<\/title>\r\n<meta name=\"robots\" content=\"index, follow, max-snippet:-1, max-image-preview:large, max-video-preview:-1\" \/>\r\n<link rel=\"canonical\" href=\"https:\/\/odontologia.mxl.uabc.mx\/odo3\/directorio\/\" \/>\r\n<meta property=\"og:locale\" content=\"es_ES\" \/>\r\n<meta property=\"og:type\" content=\"article\" \/>\r\n<meta property=\"og:title\" content=\"Directorio - Facultad de Odontolog\u00eda Mexicali I Universidad Aut\u00f3noma de Baja California\" \/>\r\n<meta property=\"og:description\" content=\"Directorio Directorio de la Facultad de Odontolog\u00eda 686-557-3268 686-555-4008 686-582-3989 Calle chinampas y ave. Zotoluca s\/n Fracc. Calafia C.P.21040 Puesto Nombre Ext. Directora Dra. Herla A\u00edda Vieira Nevarez 45200 Secretaria Mar\u00eda Francisca Sauceda Mac\u00edas 45201 Subdirector Dr. Jes\u00fas Antonio Camacho Mondrag\u00f3n 45202 Secretaria Atenci\u00f3n Escolar Tania Paola Galindo Rodr\u00edguez 45203 Administradora Lic. Ang\u00e9lica Mart\u00edn Figueroa [&hellip;]\" \/>\r\n<meta property=\"og:url\" content=\"https:\/\/odontologia.mxl.uabc.mx\/odo3\/directorio\/\" \/>\r\n<meta property=\"og:site_name\" content=\"Facultad de Odontolog\u00eda Mexicali I Universidad Aut\u00f3noma de Baja California\" \/>\r\n<meta property=\"article:publisher\" content=\"https:\/\/www.facebook.com\/facultadde.odontologiamexicali\" \/>\r\n<meta property=\"article:modified_time\" content=\"2026-02-16T20:44:24+00:00\" \/>\r\n<meta property=\"og:image\" content=\"https:\/\/odontologia.mxl.uabc.mx\/odo3\/wp-content\/uploads\/2025\/10\/NUEVO-LOGO-FOM-2025-1.png\" \/>\r\n\t<meta property=\"og:image:width\" content=\"1409\" \/>\r\n\t<meta property=\"og:image:height\" content=\"739\" \/>\r\n\t<meta property=\"og:image:type\" content=\"image\/png\" \/>\r\n<meta name=\"twitter:card\" content=\"summary_large_image\" \/>\r\n<meta name=\"twitter:label1\" content=\"Tiempo de lectura\" \/>\n\t<meta name=\"twitter:data1\" content=\"2 minutos\" \/>\r\n<script type=\"application\/ld+json\" class=\"yoast-schema-graph\">{\"@context\":\"https:\/\/schema.org\",\"@graph\":[{\"@type\":\"WebPage\",\"@id\":\"https:\/\/odontologia.mxl.uabc.mx\/odo3\/directorio\/\",\"url\":\"https:\/\/odontologia.mxl.uabc.mx\/odo3\/directorio\/\",\"name\":\"Directorio - Facultad de Odontolog\u00eda Mexicali I Universidad Aut\u00f3noma de Baja California\",\"isPartOf\":{\"@id\":\"https:\/\/odontologia.mxl.uabc.mx\/odo3\/#website\"},\"datePublished\":\"2021-09-23T06:00:00+00:00\",\"dateModified\":\"2026-02-16T20:44:24+00:00\",\"breadcrumb\":{\"@id\":\"https:\/\/odontologia.mxl.uabc.mx\/odo3\/directorio\/#breadcrumb\"},\"inLanguage\":\"es\",\"potentialAction\":[{\"@type\":\"ReadAction\",\"target\":[\"https:\/\/odontologia.mxl.uabc.mx\/odo3\/directorio\/\"]}]},{\"@type\":\"BreadcrumbList\",\"@id\":\"https:\/\/odontologia.mxl.uabc.mx\/odo3\/directorio\/#breadcrumb\",\"itemListElement\":[{\"@type\":\"ListItem\",\"position\":1,\"name\":\"Portada\",\"item\":\"https:\/\/odontologia.mxl.uabc.mx\/odo3\/\"},{\"@type\":\"ListItem\",\"position\":2,\"name\":\"Directorio\"}]},{\"@type\":\"WebSite\",\"@id\":\"https:\/\/odontologia.mxl.uabc.mx\/odo3\/#website\",\"url\":\"https:\/\/odontologia.mxl.uabc.mx\/odo3\/\",\"name\":\"Facultad Odontolog\u00eda Mexicali UABC\",\"description\":\"Facultad de Odontolog\u00eda Mexicali I UABC\",\"publisher\":{\"@id\":\"https:\/\/odontologia.mxl.uabc.mx\/odo3\/#organization\"},\"potentialAction\":[{\"@type\":\"SearchAction\",\"target\":{\"@type\":\"EntryPoint\",\"urlTemplate\":\"https:\/\/odontologia.mxl.uabc.mx\/odo3\/?s={search_term_string}\"},\"query-input\":{\"@type\":\"PropertyValueSpecification\",\"valueRequired\":true,\"valueName\":\"search_term_string\"}}],\"inLanguage\":\"es\"},{\"@type\":\"Organization\",\"@id\":\"https:\/\/odontologia.mxl.uabc.mx\/odo3\/#organization\",\"name\":\"UABC Odontolog\u00eda\",\"url\":\"https:\/\/odontologia.mxl.uabc.mx\/odo3\/\",\"logo\":{\"@type\":\"ImageObject\",\"inLanguage\":\"es\",\"@id\":\"https:\/\/odontologia.mxl.uabc.mx\/odo3\/#\/schema\/logo\/image\/\",\"url\":\"https:\/\/odontologia.mxl.uabc.mx\/odo3\/wp-content\/uploads\/2021\/09\/NOMBRE-Y-LOGO-ua.png\",\"contentUrl\":\"https:\/\/odontologia.mxl.uabc.mx\/odo3\/wp-content\/uploads\/2021\/09\/NOMBRE-Y-LOGO-ua.png\",\"width\":401,\"height\":142,\"caption\":\"UABC Odontolog\u00eda\"},\"image\":{\"@id\":\"https:\/\/odontologia.mxl.uabc.mx\/odo3\/#\/schema\/logo\/image\/\"},\"sameAs\":[\"https:\/\/www.facebook.com\/facultadde.odontologiamexicali\"]}]}<\/script>\r\n<!-- \/ Yoast SEO plugin. -->","yoast_head_json":{"title":"Directorio - Facultad de Odontolog\u00eda Mexicali I Universidad Aut\u00f3noma de Baja California","robots":{"index":"index","follow":"follow","max-snippet":"max-snippet:-1","max-image-preview":"max-image-preview:large","max-video-preview":"max-video-preview:-1"},"canonical":"https:\/\/odontologia.mxl.uabc.mx\/odo3\/directorio\/","og_locale":"es_ES","og_type":"article","og_title":"Directorio - Facultad de Odontolog\u00eda Mexicali I Universidad Aut\u00f3noma de Baja California","og_description":"Directorio Directorio de la Facultad de Odontolog\u00eda 686-557-3268 686-555-4008 686-582-3989 Calle chinampas y ave. Zotoluca s\/n Fracc. Calafia C.P.21040 Puesto Nombre Ext. Directora Dra. Herla A\u00edda Vieira Nevarez 45200 Secretaria Mar\u00eda Francisca Sauceda Mac\u00edas 45201 Subdirector Dr. Jes\u00fas Antonio Camacho Mondrag\u00f3n 45202 Secretaria Atenci\u00f3n Escolar Tania Paola Galindo Rodr\u00edguez 45203 Administradora Lic. Ang\u00e9lica Mart\u00edn Figueroa [&hellip;]","og_url":"https:\/\/odontologia.mxl.uabc.mx\/odo3\/directorio\/","og_site_name":"Facultad de Odontolog\u00eda Mexicali I Universidad Aut\u00f3noma de Baja California","article_publisher":"https:\/\/www.facebook.com\/facultadde.odontologiamexicali","article_modified_time":"2026-02-16T20:44:24+00:00","og_image":[{"width":1409,"height":739,"url":"https:\/\/odontologia.mxl.uabc.mx\/odo3\/wp-content\/uploads\/2025\/10\/NUEVO-LOGO-FOM-2025-1.png","type":"image\/png"}],"twitter_card":"summary_large_image","twitter_misc":{"Tiempo de lectura":"2 minutos"},"schema":{"@context":"https:\/\/schema.org","@graph":[{"@type":"WebPage","@id":"https:\/\/odontologia.mxl.uabc.mx\/odo3\/directorio\/","url":"https:\/\/odontologia.mxl.uabc.mx\/odo3\/directorio\/","name":"Directorio - Facultad de Odontolog\u00eda Mexicali I Universidad Aut\u00f3noma de Baja California","isPartOf":{"@id":"https:\/\/odontologia.mxl.uabc.mx\/odo3\/#website"},"datePublished":"2021-09-23T06:00:00+00:00","dateModified":"2026-02-16T20:44:24+00:00","breadcrumb":{"@id":"https:\/\/odontologia.mxl.uabc.mx\/odo3\/directorio\/#breadcrumb"},"inLanguage":"es","potentialAction":[{"@type":"ReadAction","target":["https:\/\/odontologia.mxl.uabc.mx\/odo3\/directorio\/"]}]},{"@type":"BreadcrumbList","@id":"https:\/\/odontologia.mxl.uabc.mx\/odo3\/directorio\/#breadcrumb","itemListElement":[{"@type":"ListItem","position":1,"name":"Portada","item":"https:\/\/odontologia.mxl.uabc.mx\/odo3\/"},{"@type":"ListItem","position":2,"name":"Directorio"}]},{"@type":"WebSite","@id":"https:\/\/odontologia.mxl.uabc.mx\/odo3\/#website","url":"https:\/\/odontologia.mxl.uabc.mx\/odo3\/","name":"Facultad Odontolog\u00eda Mexicali UABC","description":"Facultad de Odontolog\u00eda Mexicali I UABC","publisher":{"@id":"https:\/\/odontologia.mxl.uabc.mx\/odo3\/#organization"},"potentialAction":[{"@type":"SearchAction","target":{"@type":"EntryPoint","urlTemplate":"https:\/\/odontologia.mxl.uabc.mx\/odo3\/?s={search_term_string}"},"query-input":{"@type":"PropertyValueSpecification","valueRequired":true,"valueName":"search_term_string"}}],"inLanguage":"es"},{"@type":"Organization","@id":"https:\/\/odontologia.mxl.uabc.mx\/odo3\/#organization","name":"UABC Odontolog\u00eda","url":"https:\/\/odontologia.mxl.uabc.mx\/odo3\/","logo":{"@type":"ImageObject","inLanguage":"es","@id":"https:\/\/odontologia.mxl.uabc.mx\/odo3\/#\/schema\/logo\/image\/","url":"https:\/\/odontologia.mxl.uabc.mx\/odo3\/wp-content\/uploads\/2021\/09\/NOMBRE-Y-LOGO-ua.png","contentUrl":"https:\/\/odontologia.mxl.uabc.mx\/odo3\/wp-content\/uploads\/2021\/09\/NOMBRE-Y-LOGO-ua.png","width":401,"height":142,"caption":"UABC Odontolog\u00eda"},"image":{"@id":"https:\/\/odontologia.mxl.uabc.mx\/odo3\/#\/schema\/logo\/image\/"},"sameAs":["https:\/\/www.facebook.com\/facultadde.odontologiamexicali"]}]}},"_links":{"self":[{"href":"https:\/\/odontologia.mxl.uabc.mx\/odo3\/wp-json\/wp\/v2\/pages\/1178","targetHints":{"allow":["GET"]}}],"collection":[{"href":"https:\/\/odontologia.mxl.uabc.mx\/odo3\/wp-json\/wp\/v2\/pages"}],"about":[{"href":"https:\/\/odontologia.mxl.uabc.mx\/odo3\/wp-json\/wp\/v2\/types\/page"}],"author":[{"embeddable":true,"href":"https:\/\/odontologia.mxl.uabc.mx\/odo3\/wp-json\/wp\/v2\/users\/1"}],"replies":[{"embeddable":true,"href":"https:\/\/odontologia.mxl.uabc.mx\/odo3\/wp-json\/wp\/v2\/comments?post=1178"}],"version-history":[{"count":49,"href":"https:\/\/odontologia.mxl.uabc.mx\/odo3\/wp-json\/wp\/v2\/pages\/1178\/revisions"}],"predecessor-version":[{"id":2931,"href":"https:\/\/odontologia.mxl.uabc.mx\/odo3\/wp-json\/wp\/v2\/pages\/1178\/revisions\/2931"}],"wp:attachment":[{"href":"https:\/\/odontologia.mxl.uabc.mx\/odo3\/wp-json\/wp\/v2\/media?parent=1178"}],"curies":[{"name":"wp","href":"https:\/\/api.w.org\/{rel}","templated":true}]}}