{"id":1176,"date":"2021-09-23T05:58:53","date_gmt":"2021-09-23T05:58:53","guid":{"rendered":"http:\/\/localhost\/odo3\/?page_id=1176"},"modified":"2025-04-14T01:58:04","modified_gmt":"2025-04-14T01:58:04","slug":"direccion","status":"publish","type":"page","link":"https:\/\/odontologia.mxl.uabc.mx\/odo3\/direccion\/","title":{"rendered":"Direcci\u00f3n"},"content":{"rendered":"\t\t<div data-elementor-type=\"wp-page\" data-elementor-id=\"1176\" class=\"elementor elementor-1176\" data-elementor-post-type=\"page\">\n\t\t\t\t\t\t<section class=\"elementor-section elementor-top-section elementor-element elementor-element-e3f1a62 elementor-section-boxed elementor-section-height-default elementor-section-height-default\" data-id=\"e3f1a62\" data-element_type=\"section\" data-settings=\"{&quot;background_background&quot;:&quot;classic&quot;}\">\n\t\t\t\t\t\t\t<div class=\"elementor-background-overlay\"><\/div>\n\t\t\t\t\t\t\t<div class=\"elementor-container elementor-column-gap-no\">\n\t\t\t\t\t<div class=\"elementor-column elementor-col-100 elementor-top-column elementor-element elementor-element-11deb12\" data-id=\"11deb12\" data-element_type=\"column\">\n\t\t\t<div class=\"elementor-widget-wrap elementor-element-populated\">\n\t\t\t\t\t\t<div class=\"elementor-element elementor-element-4f57b20 elementor-widget elementor-widget-spacer\" data-id=\"4f57b20\" data-element_type=\"widget\" data-widget_type=\"spacer.default\">\n\t\t\t\t\t\t\t<div class=\"elementor-spacer\">\n\t\t\t<div class=\"elementor-spacer-inner\"><\/div>\n\t\t<\/div>\n\t\t\t\t\t\t<\/div>\n\t\t\t\t\t<\/div>\n\t\t<\/div>\n\t\t\t\t\t<\/div>\n\t\t<\/section>\n\t\t\t\t<section class=\"elementor-section elementor-top-section elementor-element elementor-element-c8c8ea1 elementor-section-boxed elementor-section-height-default elementor-section-height-default\" data-id=\"c8c8ea1\" data-element_type=\"section\">\n\t\t\t\t\t\t<div class=\"elementor-container elementor-column-gap-default\">\n\t\t\t\t\t<div class=\"elementor-column elementor-col-50 elementor-top-column elementor-element elementor-element-83799d0\" data-id=\"83799d0\" data-element_type=\"column\">\n\t\t\t<div class=\"elementor-widget-wrap elementor-element-populated\">\n\t\t\t\t\t\t<div class=\"elementor-element elementor-element-d00ebfe elementor-widget elementor-widget-image\" data-id=\"d00ebfe\" data-element_type=\"widget\" data-widget_type=\"image.default\">\n\t\t\t\t\t\t\t\t\t\t\t\t\t\t\t<img fetchpriority=\"high\" decoding=\"async\" width=\"1024\" height=\"1024\" src=\"https:\/\/odontologia.mxl.uabc.mx\/odo3\/wp-content\/uploads\/2025\/04\/490299215_1068898528608336_8256530315573365012_n-1024x1024.jpg\" class=\"attachment-large size-large wp-image-2140\" alt=\"\" srcset=\"https:\/\/odontologia.mxl.uabc.mx\/odo3\/wp-content\/uploads\/2025\/04\/490299215_1068898528608336_8256530315573365012_n-1024x1024.jpg 1024w, https:\/\/odontologia.mxl.uabc.mx\/odo3\/wp-content\/uploads\/2025\/04\/490299215_1068898528608336_8256530315573365012_n-300x300.jpg 300w, https:\/\/odontologia.mxl.uabc.mx\/odo3\/wp-content\/uploads\/2025\/04\/490299215_1068898528608336_8256530315573365012_n-150x150.jpg 150w, https:\/\/odontologia.mxl.uabc.mx\/odo3\/wp-content\/uploads\/2025\/04\/490299215_1068898528608336_8256530315573365012_n-768x768.jpg 768w, https:\/\/odontologia.mxl.uabc.mx\/odo3\/wp-content\/uploads\/2025\/04\/490299215_1068898528608336_8256530315573365012_n.jpg 1080w\" sizes=\"(max-width: 1024px) 100vw, 1024px\" \/>\t\t\t\t\t\t\t\t\t\t\t\t\t\t\t<\/div>\n\t\t\t\t\t<\/div>\n\t\t<\/div>\n\t\t\t\t<div class=\"elementor-column elementor-col-50 elementor-top-column elementor-element elementor-element-adfa8d7\" data-id=\"adfa8d7\" data-element_type=\"column\">\n\t\t\t<div class=\"elementor-widget-wrap elementor-element-populated\">\n\t\t\t\t\t\t<div class=\"elementor-element elementor-element-51eb49e elementor-widget elementor-widget-text-editor\" data-id=\"51eb49e\" data-element_type=\"widget\" data-widget_type=\"text-editor.default\">\n\t\t\t\t\t\t\t\t\t<h4 style=\"text-align: center;\"><strong>Direcci\u00f3n<\/strong><\/h4><p style=\"text-align: center;\">La maestra <strong>Herla Aida Vieira Nevarez<\/strong> fue nombrada directora de la Facultad de Odontolog\u00eda para el periodo 2025-2029 por la Junta de Gobierno de la UABC, en reconocimiento a su destacada trayectoria.<\/p>\t\t\t\t\t\t\t\t<\/div>\n\t\t\t\t\t<\/div>\n\t\t<\/div>\n\t\t\t\t\t<\/div>\n\t\t<\/section>\n\t\t\t\t<\/div>\n\t\t","protected":false},"excerpt":{"rendered":"<p>Direcci\u00f3n La maestra Herla Aida Vieira Nevarez fue nombrada directora de la Facultad de Odontolog\u00eda para el periodo 2025-2029 por la Junta de Gobierno de la UABC, en reconocimiento a su destacada trayectoria.<\/p>\n","protected":false},"author":1,"featured_media":0,"parent":0,"menu_order":0,"comment_status":"closed","ping_status":"closed","template":"","meta":{"site-sidebar-layout":"no-sidebar","site-content-layout":"page-builder","ast-site-content-layout":"default","site-content-style":"default","site-sidebar-style":"default","ast-global-header-display":"","ast-banner-title-visibility":"","ast-main-header-display":"","ast-hfb-above-header-display":"","ast-hfb-below-header-display":"","ast-hfb-mobile-header-display":"","site-post-title":"disabled","ast-breadcrumbs-content":"disabled","ast-featured-img":"disabled","footer-sml-layout":"","theme-transparent-header-meta":"disabled","adv-header-id-meta":"","stick-header-meta":"","header-above-stick-meta":"","header-main-stick-meta":"","header-below-stick-meta":"","astra-migrate-meta-layouts":"default","ast-page-background-enabled":"default","ast-page-background-meta":{"desktop":{"background-color":"","background-image":"","background-repeat":"repeat","background-position":"center center","background-size":"auto","background-attachment":"scroll","background-type":"","background-media":"","overlay-type":"","overlay-color":"","overlay-opacity":"","overlay-gradient":""},"tablet":{"background-color":"","background-image":"","background-repeat":"repeat","background-position":"center center","background-size":"auto","background-attachment":"scroll","background-type":"","background-media":"","overlay-type":"","overlay-color":"","overlay-opacity":"","overlay-gradient":""},"mobile":{"background-color":"","background-image":"","background-repeat":"repeat","background-position":"center center","background-size":"auto","background-attachment":"scroll","background-type":"","background-media":"","overlay-type":"","overlay-color":"","overlay-opacity":"","overlay-gradient":""}},"ast-content-background-meta":{"desktop":{"background-color":"var(--ast-global-color-5)","background-image":"","background-repeat":"repeat","background-position":"center center","background-size":"auto","background-attachment":"scroll","background-type":"","background-media":"","overlay-type":"","overlay-color":"","overlay-opacity":"","overlay-gradient":""},"tablet":{"background-color":"var(--ast-global-color-5)","background-image":"","background-repeat":"repeat","background-position":"center center","background-size":"auto","background-attachment":"scroll","background-type":"","background-media":"","overlay-type":"","overlay-color":"","overlay-opacity":"","overlay-gradient":""},"mobile":{"background-color":"var(--ast-global-color-5)","background-image":"","background-repeat":"repeat","background-position":"center center","background-size":"auto","background-attachment":"scroll","background-type":"","background-media":"","overlay-type":"","overlay-color":"","overlay-opacity":"","overlay-gradient":""}},"footnotes":""},"class_list":["post-1176","page","type-page","status-publish","hentry"],"yoast_head":"<!-- This site is optimized with the Yoast SEO plugin v26.5 - https:\/\/yoast.com\/wordpress\/plugins\/seo\/ -->\r\n<title>Direcci\u00f3n - Facultad de Odontolog\u00eda Mexicali I Universidad Aut\u00f3noma de Baja California<\/title>\r\n<meta name=\"robots\" content=\"index, follow, max-snippet:-1, max-image-preview:large, max-video-preview:-1\" \/>\r\n<link rel=\"canonical\" href=\"https:\/\/odontologia.mxl.uabc.mx\/odo3\/direccion\/\" \/>\r\n<meta property=\"og:locale\" content=\"es_ES\" \/>\r\n<meta property=\"og:type\" content=\"article\" \/>\r\n<meta property=\"og:title\" content=\"Direcci\u00f3n - Facultad de Odontolog\u00eda Mexicali I Universidad Aut\u00f3noma de Baja California\" \/>\r\n<meta property=\"og:description\" content=\"Direcci\u00f3n La maestra Herla Aida Vieira Nevarez fue nombrada directora de la Facultad de Odontolog\u00eda para el periodo 2025-2029 por la Junta de Gobierno de la UABC, en reconocimiento a su destacada trayectoria.\" \/>\r\n<meta property=\"og:url\" content=\"https:\/\/odontologia.mxl.uabc.mx\/odo3\/direccion\/\" \/>\r\n<meta property=\"og:site_name\" content=\"Facultad de Odontolog\u00eda Mexicali I Universidad Aut\u00f3noma de Baja California\" \/>\r\n<meta property=\"article:publisher\" content=\"https:\/\/www.facebook.com\/facultadde.odontologiamexicali\" \/>\r\n<meta property=\"article:modified_time\" content=\"2025-04-14T01:58:04+00:00\" \/>\r\n<meta property=\"og:image\" content=\"http:\/\/odontologia.mxl.uabc.mx\/odo3\/wp-content\/uploads\/2025\/04\/490299215_1068898528608336_8256530315573365012_n-1024x1024.jpg\" \/>\r\n<meta name=\"twitter:card\" content=\"summary_large_image\" \/>\r\n<meta name=\"twitter:label1\" content=\"Tiempo de lectura\" \/>\n\t<meta name=\"twitter:data1\" content=\"1 minuto\" \/>\r\n<script type=\"application\/ld+json\" class=\"yoast-schema-graph\">{\"@context\":\"https:\/\/schema.org\",\"@graph\":[{\"@type\":\"WebPage\",\"@id\":\"https:\/\/odontologia.mxl.uabc.mx\/odo3\/direccion\/\",\"url\":\"https:\/\/odontologia.mxl.uabc.mx\/odo3\/direccion\/\",\"name\":\"Direcci\u00f3n - Facultad de Odontolog\u00eda Mexicali I Universidad Aut\u00f3noma de Baja California\",\"isPartOf\":{\"@id\":\"https:\/\/odontologia.mxl.uabc.mx\/odo3\/#website\"},\"primaryImageOfPage\":{\"@id\":\"https:\/\/odontologia.mxl.uabc.mx\/odo3\/direccion\/#primaryimage\"},\"image\":{\"@id\":\"https:\/\/odontologia.mxl.uabc.mx\/odo3\/direccion\/#primaryimage\"},\"thumbnailUrl\":\"http:\/\/odontologia.mxl.uabc.mx\/odo3\/wp-content\/uploads\/2025\/04\/490299215_1068898528608336_8256530315573365012_n-1024x1024.jpg\",\"datePublished\":\"2021-09-23T05:58:53+00:00\",\"dateModified\":\"2025-04-14T01:58:04+00:00\",\"breadcrumb\":{\"@id\":\"https:\/\/odontologia.mxl.uabc.mx\/odo3\/direccion\/#breadcrumb\"},\"inLanguage\":\"es\",\"potentialAction\":[{\"@type\":\"ReadAction\",\"target\":[\"https:\/\/odontologia.mxl.uabc.mx\/odo3\/direccion\/\"]}]},{\"@type\":\"ImageObject\",\"inLanguage\":\"es\",\"@id\":\"https:\/\/odontologia.mxl.uabc.mx\/odo3\/direccion\/#primaryimage\",\"url\":\"https:\/\/odontologia.mxl.uabc.mx\/odo3\/wp-content\/uploads\/2025\/04\/490299215_1068898528608336_8256530315573365012_n.jpg\",\"contentUrl\":\"https:\/\/odontologia.mxl.uabc.mx\/odo3\/wp-content\/uploads\/2025\/04\/490299215_1068898528608336_8256530315573365012_n.jpg\",\"width\":1080,\"height\":1080},{\"@type\":\"BreadcrumbList\",\"@id\":\"https:\/\/odontologia.mxl.uabc.mx\/odo3\/direccion\/#breadcrumb\",\"itemListElement\":[{\"@type\":\"ListItem\",\"position\":1,\"name\":\"Portada\",\"item\":\"https:\/\/odontologia.mxl.uabc.mx\/odo3\/\"},{\"@type\":\"ListItem\",\"position\":2,\"name\":\"Direcci\u00f3n\"}]},{\"@type\":\"WebSite\",\"@id\":\"https:\/\/odontologia.mxl.uabc.mx\/odo3\/#website\",\"url\":\"https:\/\/odontologia.mxl.uabc.mx\/odo3\/\",\"name\":\"Facultad Odontolog\u00eda Mexicali UABC\",\"description\":\"Facultad de Odontolog\u00eda Mexicali I UABC\",\"publisher\":{\"@id\":\"https:\/\/odontologia.mxl.uabc.mx\/odo3\/#organization\"},\"potentialAction\":[{\"@type\":\"SearchAction\",\"target\":{\"@type\":\"EntryPoint\",\"urlTemplate\":\"https:\/\/odontologia.mxl.uabc.mx\/odo3\/?s={search_term_string}\"},\"query-input\":{\"@type\":\"PropertyValueSpecification\",\"valueRequired\":true,\"valueName\":\"search_term_string\"}}],\"inLanguage\":\"es\"},{\"@type\":\"Organization\",\"@id\":\"https:\/\/odontologia.mxl.uabc.mx\/odo3\/#organization\",\"name\":\"UABC Odontolog\u00eda\",\"url\":\"https:\/\/odontologia.mxl.uabc.mx\/odo3\/\",\"logo\":{\"@type\":\"ImageObject\",\"inLanguage\":\"es\",\"@id\":\"https:\/\/odontologia.mxl.uabc.mx\/odo3\/#\/schema\/logo\/image\/\",\"url\":\"https:\/\/odontologia.mxl.uabc.mx\/odo3\/wp-content\/uploads\/2021\/09\/NOMBRE-Y-LOGO-ua.png\",\"contentUrl\":\"https:\/\/odontologia.mxl.uabc.mx\/odo3\/wp-content\/uploads\/2021\/09\/NOMBRE-Y-LOGO-ua.png\",\"width\":401,\"height\":142,\"caption\":\"UABC Odontolog\u00eda\"},\"image\":{\"@id\":\"https:\/\/odontologia.mxl.uabc.mx\/odo3\/#\/schema\/logo\/image\/\"},\"sameAs\":[\"https:\/\/www.facebook.com\/facultadde.odontologiamexicali\"]}]}<\/script>\r\n<!-- \/ Yoast SEO plugin. -->","yoast_head_json":{"title":"Direcci\u00f3n - Facultad de Odontolog\u00eda Mexicali I Universidad Aut\u00f3noma de Baja California","robots":{"index":"index","follow":"follow","max-snippet":"max-snippet:-1","max-image-preview":"max-image-preview:large","max-video-preview":"max-video-preview:-1"},"canonical":"https:\/\/odontologia.mxl.uabc.mx\/odo3\/direccion\/","og_locale":"es_ES","og_type":"article","og_title":"Direcci\u00f3n - Facultad de Odontolog\u00eda Mexicali I Universidad Aut\u00f3noma de Baja California","og_description":"Direcci\u00f3n La maestra Herla Aida Vieira Nevarez fue nombrada directora de la Facultad de Odontolog\u00eda para el periodo 2025-2029 por la Junta de Gobierno de la UABC, en reconocimiento a su destacada trayectoria.","og_url":"https:\/\/odontologia.mxl.uabc.mx\/odo3\/direccion\/","og_site_name":"Facultad de Odontolog\u00eda Mexicali I Universidad Aut\u00f3noma de Baja California","article_publisher":"https:\/\/www.facebook.com\/facultadde.odontologiamexicali","article_modified_time":"2025-04-14T01:58:04+00:00","og_image":[{"url":"http:\/\/odontologia.mxl.uabc.mx\/odo3\/wp-content\/uploads\/2025\/04\/490299215_1068898528608336_8256530315573365012_n-1024x1024.jpg","type":"","width":"","height":""}],"twitter_card":"summary_large_image","twitter_misc":{"Tiempo de lectura":"1 minuto"},"schema":{"@context":"https:\/\/schema.org","@graph":[{"@type":"WebPage","@id":"https:\/\/odontologia.mxl.uabc.mx\/odo3\/direccion\/","url":"https:\/\/odontologia.mxl.uabc.mx\/odo3\/direccion\/","name":"Direcci\u00f3n - Facultad de Odontolog\u00eda Mexicali I Universidad Aut\u00f3noma de Baja California","isPartOf":{"@id":"https:\/\/odontologia.mxl.uabc.mx\/odo3\/#website"},"primaryImageOfPage":{"@id":"https:\/\/odontologia.mxl.uabc.mx\/odo3\/direccion\/#primaryimage"},"image":{"@id":"https:\/\/odontologia.mxl.uabc.mx\/odo3\/direccion\/#primaryimage"},"thumbnailUrl":"http:\/\/odontologia.mxl.uabc.mx\/odo3\/wp-content\/uploads\/2025\/04\/490299215_1068898528608336_8256530315573365012_n-1024x1024.jpg","datePublished":"2021-09-23T05:58:53+00:00","dateModified":"2025-04-14T01:58:04+00:00","breadcrumb":{"@id":"https:\/\/odontologia.mxl.uabc.mx\/odo3\/direccion\/#breadcrumb"},"inLanguage":"es","potentialAction":[{"@type":"ReadAction","target":["https:\/\/odontologia.mxl.uabc.mx\/odo3\/direccion\/"]}]},{"@type":"ImageObject","inLanguage":"es","@id":"https:\/\/odontologia.mxl.uabc.mx\/odo3\/direccion\/#primaryimage","url":"https:\/\/odontologia.mxl.uabc.mx\/odo3\/wp-content\/uploads\/2025\/04\/490299215_1068898528608336_8256530315573365012_n.jpg","contentUrl":"https:\/\/odontologia.mxl.uabc.mx\/odo3\/wp-content\/uploads\/2025\/04\/490299215_1068898528608336_8256530315573365012_n.jpg","width":1080,"height":1080},{"@type":"BreadcrumbList","@id":"https:\/\/odontologia.mxl.uabc.mx\/odo3\/direccion\/#breadcrumb","itemListElement":[{"@type":"ListItem","position":1,"name":"Portada","item":"https:\/\/odontologia.mxl.uabc.mx\/odo3\/"},{"@type":"ListItem","position":2,"name":"Direcci\u00f3n"}]},{"@type":"WebSite","@id":"https:\/\/odontologia.mxl.uabc.mx\/odo3\/#website","url":"https:\/\/odontologia.mxl.uabc.mx\/odo3\/","name":"Facultad Odontolog\u00eda Mexicali UABC","description":"Facultad de Odontolog\u00eda Mexicali I UABC","publisher":{"@id":"https:\/\/odontologia.mxl.uabc.mx\/odo3\/#organization"},"potentialAction":[{"@type":"SearchAction","target":{"@type":"EntryPoint","urlTemplate":"https:\/\/odontologia.mxl.uabc.mx\/odo3\/?s={search_term_string}"},"query-input":{"@type":"PropertyValueSpecification","valueRequired":true,"valueName":"search_term_string"}}],"inLanguage":"es"},{"@type":"Organization","@id":"https:\/\/odontologia.mxl.uabc.mx\/odo3\/#organization","name":"UABC Odontolog\u00eda","url":"https:\/\/odontologia.mxl.uabc.mx\/odo3\/","logo":{"@type":"ImageObject","inLanguage":"es","@id":"https:\/\/odontologia.mxl.uabc.mx\/odo3\/#\/schema\/logo\/image\/","url":"https:\/\/odontologia.mxl.uabc.mx\/odo3\/wp-content\/uploads\/2021\/09\/NOMBRE-Y-LOGO-ua.png","contentUrl":"https:\/\/odontologia.mxl.uabc.mx\/odo3\/wp-content\/uploads\/2021\/09\/NOMBRE-Y-LOGO-ua.png","width":401,"height":142,"caption":"UABC Odontolog\u00eda"},"image":{"@id":"https:\/\/odontologia.mxl.uabc.mx\/odo3\/#\/schema\/logo\/image\/"},"sameAs":["https:\/\/www.facebook.com\/facultadde.odontologiamexicali"]}]}},"_links":{"self":[{"href":"https:\/\/odontologia.mxl.uabc.mx\/odo3\/wp-json\/wp\/v2\/pages\/1176","targetHints":{"allow":["GET"]}}],"collection":[{"href":"https:\/\/odontologia.mxl.uabc.mx\/odo3\/wp-json\/wp\/v2\/pages"}],"about":[{"href":"https:\/\/odontologia.mxl.uabc.mx\/odo3\/wp-json\/wp\/v2\/types\/page"}],"author":[{"embeddable":true,"href":"https:\/\/odontologia.mxl.uabc.mx\/odo3\/wp-json\/wp\/v2\/users\/1"}],"replies":[{"embeddable":true,"href":"https:\/\/odontologia.mxl.uabc.mx\/odo3\/wp-json\/wp\/v2\/comments?post=1176"}],"version-history":[{"count":6,"href":"https:\/\/odontologia.mxl.uabc.mx\/odo3\/wp-json\/wp\/v2\/pages\/1176\/revisions"}],"predecessor-version":[{"id":2156,"href":"https:\/\/odontologia.mxl.uabc.mx\/odo3\/wp-json\/wp\/v2\/pages\/1176\/revisions\/2156"}],"wp:attachment":[{"href":"https:\/\/odontologia.mxl.uabc.mx\/odo3\/wp-json\/wp\/v2\/media?parent=1176"}],"curies":[{"name":"wp","href":"https:\/\/api.w.org\/{rel}","templated":true}]}}